{"id":1194,"date":"2025-12-04T22:21:43","date_gmt":"2025-12-04T21:21:43","guid":{"rendered":"https:\/\/www.siapro.eu\/?page_id=1194"},"modified":"2025-12-09T14:38:07","modified_gmt":"2025-12-09T13:38:07","slug":"mobile-forderer","status":"publish","type":"page","link":"https:\/\/www.siapro.eu\/de\/transportni-sistemi\/mobilni-transporterji\/","title":{"rendered":"Mobile F\u00f6rderanlagen"},"content":{"rendered":"<section class=\"bde-section-1194-316 bde-section\">\n              \n  \n  \n\t\n\n\n\n<div class=\"section-container\"><h1 class=\"bde-heading-1194-102 bde-heading\">\nMobile F\u00f6rderanlagen\n<\/h1><div class=\"bde-text-1194-320 bde-text\">\nFlexible L\u00f6sungen f\u00fcr den Transport, das Be- und Entladen und die Sortierung von Materialien in einer Vielzahl von Branchen.\n<\/div><\/div>\n<\/section><section id=\"podjetja\" class=\"bde-section-1194-399 bde-section\">\n  \n  \n\t\n\n\n\n<div class=\"section-container\"><h2 class=\"bde-heading-1194-400 bde-heading heading-with-bar\">\nMobile L\u00f6sungen f\u00fcr Transport und Materialumschlag\n<\/h2><\/div>\n<\/section><section class=\"bde-section-1194-332 bde-section\">\n  \n  \n\t\n\n\n\n<div class=\"section-container\"><div class=\"bde-columns-1194-408 bde-columns\"><div class=\"bde-column-1194-409 bde-column\">\n  \n  \n\t\n\n\n\n<div class=\"bde-rich-text-1194-412 bde-rich-text breakdance-rich-text-styles\">\n<p class=\"translation-block\">Die mobilen F\u00f6rderer von Siapro sind f\u00fcr das <strong data-start=\"430\" data-end=\"442\">Aufnehmen<\/strong>, <strong data-start=\"444\" data-end=\"458\">Sortieren<\/strong>, <strong data-start=\"460\" data-end=\"474\">Transportieren<\/strong> und <strong data-start=\"479\" data-end=\"508\">Be- und Entladen<\/strong> von verschiedenen Arten von Materialien konzipiert. Sie werden eingesetzt f\u00fcr:<\/p>\n<ul>\n<li data-start=\"553\" data-end=\"593\">Entleeren von Anh\u00e4ngern, Waggons und Schiffen,<\/li>\n<li data-start=\"596\" data-end=\"655\">Beladung von Lastwagen, Containern und Lagereinheiten,<\/li>\n<li data-start=\"658\" data-end=\"713\">Material auf unterschiedliche H\u00f6hen und Entfernungen zu bewegen,<\/li>\n<li data-start=\"716\" data-end=\"764\">Integration in mobile oder station\u00e4re Sortieranlagen.<\/li>\n<\/ul>\n<p data-start=\"766\" data-end=\"963\" class=\"translation-block\">Jedes Projekt wird <strong data-start=\"788\" data-end=\"800\">schl\u00fcsselfertig<\/strong> geliefert - von der Planung, Konstruktion und Fertigung bis zur Installation und Inbetriebnahme. Die mobilen F\u00f6rderer werden vollst\u00e4ndig an Ihren Prozess, Ihre Materialart und die gew\u00fcnschten Kapazit\u00e4ten angepasst.<\/p>\n<p data-start=\"965\" data-end=\"1034\">Mobile F\u00f6rderer erm\u00f6glichen die Integration zus\u00e4tzlicher Funktionen wie:<\/p>\n<ul>\n<li data-start=\"1038\" data-end=\"1062\">Sortierung der Materialien,<\/li>\n<li data-start=\"1065\" data-end=\"1098\">Regulierung der Transportgeschwindigkeiten,<\/li>\n<li data-start=\"1101\" data-end=\"1122\">Kontrolle der Granulation,<\/li>\n<li data-start=\"1125\" data-end=\"1172\">Handhabung in geschlossenen R\u00e4umen oder im Freien.<\/li>\n<\/ul>\n<\/div>\n<\/div><div class=\"bde-column-1194-410 bde-column\">\n  \n  \n\t\n\n\n\n<img decoding=\"async\" class=\"bde-image2-1194-411 bde-image2\" src=\"https:\/\/www.siapro.eu\/wp-content\/uploads\/2025\/12\/mobilni_transporter_reciklaza_odpadkov.thumb-530x398-1.jpg\" loading=\"lazy\" srcset=\"https:\/\/www.siapro.eu\/wp-content\/uploads\/2025\/12\/mobilni_transporter_reciklaza_odpadkov.thumb-530x398-1.jpg 530w, https:\/\/www.siapro.eu\/wp-content\/uploads\/2025\/12\/mobilni_transporter_reciklaza_odpadkov.thumb-530x398-1-300x225.jpg 300w, https:\/\/www.siapro.eu\/wp-content\/uploads\/2025\/12\/mobilni_transporter_reciklaza_odpadkov.thumb-530x398-1-16x12.jpg 16w\" sizes=\"(max-width: 530px) 100vw, 530px\">\n<\/div><\/div><\/div>\n<\/section><section id=\"podjetja\" class=\"bde-section-1194-413 bde-section\">\n              \n  \n  \n\t\n\n  <div class=\"section-background-overlay\"><\/div>\n\n\n<div class=\"section-container\"><h2 class=\"bde-heading-1194-414 bde-heading heading-with-bar\">\nAnwendungen in verschiedenen Branchen\n<\/h2><\/div>\n<\/section><section class=\"bde-section-1194-385 bde-section\">\n              \n  \n  \n\t\n\n  <div class=\"section-background-overlay\"><\/div>\n\n\n<div class=\"section-container\"><div class=\"bde-columns-1194-387 bde-columns\"><div class=\"bde-column-1194-388 bde-column\">\n  \n  \n\t\n\n\n\n<div class=\"bde-rich-text-1194-514 bde-rich-text breakdance-rich-text-styles\">\n<p>Unsere mobilen L\u00f6sungen eignen sich f\u00fcr ein breites Spektrum von Branchen, in denen ein schneller und flexibler Materialtransport wichtig ist:<\/p>\n<ul>\n<li data-start=\"1350\" data-end=\"1377\">Hackschnitzel und Biomasse,<\/li>\n<li data-start=\"1380\" data-end=\"1426\">alternative Brennstoffe und Industrieabf\u00e4lle,<\/li>\n<li data-start=\"1429\" data-end=\"1480\">Zementindustrie, Kalksteinbr\u00fcche, Gipserzeugung,<\/li>\n<li data-start=\"1483\" data-end=\"1510\">Metallurgie und Gie\u00dferei,<\/li>\n<li data-start=\"1513\" data-end=\"1548\">Bergbau und Mineralien,<\/li>\n<li data-start=\"1551\" data-end=\"1598\">H\u00e4fen, Schiffsterminals und Logistik,<\/li>\n<li data-start=\"1601\" data-end=\"1628\">Getreide und landwirtschaftliche Kulturpflanzen.<\/li>\n<\/ul>\n<p data-start=\"1630\" data-end=\"1672\">Siapro mobile Transporter bieten:<\/p>\n<ul>\n<li data-start=\"1676\" data-end=\"1701\"><strong data-start=\"1676\" data-end=\"1698\">hohe Leistung<\/strong>,<\/li>\n<li data-start=\"1704\" data-end=\"1731\"><strong data-start=\"1704\" data-end=\"1728\">ausgezeichnete Man\u00f6vrierf\u00e4higkeit<\/strong>,<\/li>\n<li data-start=\"1734\" data-end=\"1774\"><strong data-start=\"1734\" data-end=\"1771\">flexible Raumanpassung<\/strong>,<\/li>\n<li data-start=\"1777\" data-end=\"1807\"><strong data-start=\"1777\" data-end=\"1804\">Verringerung der manuellen Arbeit<\/strong>,<\/li>\n<li data-start=\"1810\" data-end=\"1864\"><strong data-start=\"1810\" data-end=\"1863\">effizientere Materialhandhabungsprozesse<\/strong>.<\/li>\n<\/ul>\n<\/div>\n<\/div><div class=\"bde-column-1194-390 bde-column\">\n  \n  \n\t\n\n\n\n<img decoding=\"async\" class=\"bde-image2-1194-416 bde-image2\" src=\"https:\/\/www.siapro.eu\/wp-content\/uploads\/2025\/12\/transporter_za_sortiranje_kovinskih_odpadkov-2.jpg\" loading=\"lazy\" srcset=\"https:\/\/www.siapro.eu\/wp-content\/uploads\/2025\/12\/transporter_za_sortiranje_kovinskih_odpadkov-2.jpg 1280w, https:\/\/www.siapro.eu\/wp-content\/uploads\/2025\/12\/transporter_za_sortiranje_kovinskih_odpadkov-2-300x225.jpg 300w, https:\/\/www.siapro.eu\/wp-content\/uploads\/2025\/12\/transporter_za_sortiranje_kovinskih_odpadkov-2-1024x768.jpg 1024w, https:\/\/www.siapro.eu\/wp-content\/uploads\/2025\/12\/transporter_za_sortiranje_kovinskih_odpadkov-2-768x576.jpg 768w, https:\/\/www.siapro.eu\/wp-content\/uploads\/2025\/12\/transporter_za_sortiranje_kovinskih_odpadkov-2-16x12.jpg 16w\" sizes=\"(max-width: 1280px) 100vw, 1280px\">\n<\/div><\/div><\/div>\n<\/section><section id=\"podjetja\" class=\"bde-section-1194-440 bde-section\">\n              \n  \n  \n\t\n\n  <div class=\"section-background-overlay\"><\/div>\n\n\n<div class=\"section-container\"><h2 class=\"bde-heading-1194-441 bde-heading heading-with-bar\">\nREFERENZ\n<\/h2><div class=\"bde-grid-1194-442 bde-grid\">\n  \n  \n\t\n\n\n\n<div class=\"bde-div-1194-443 bde-div\">\n  \n  \n\t\n\n\n\n<h3 class=\"bde-heading-1194-444 bde-heading\">\nFotos\n<\/h3><div class=\"bde-gallery-1194-450 bde-gallery\">\n\n\n  \n\n\n\n\n\n\n\n\n\n\n<div class=\"ee-gallery ee-gallery--default ee-gallery--grid ee-gallery--single ee-gallery--lightbox ee-gallery-- ee-gallery--caption- ee-gallery--caption-none ee-gallery--ratio\">\n                  \n      <a class=\"ee-gallery-item ee-gallery-item--image ee-gallery-item--single\" href=\"https:\/\/www.siapro.eu\/wp-content\/uploads\/2025\/12\/mobilni_transporter_reciklaza_odpadkov.thumb-530x398-1.jpg\"  data-sub-html=\"<span><\/span>\" data-category=\"1\"                  data-lg-size=\"530-398\"\n\n      >\n        <figure class=\"ee-gallery-item-figure\">\n                        <img decoding=\"async\" class=\"breakdance-image-object\" src=\"https:\/\/www.siapro.eu\/wp-content\/uploads\/2025\/12\/mobilni_transporter_reciklaza_odpadkov.thumb-530x398-1.jpg\" width=\"530\" height=\"398\" srcset=\"https:\/\/www.siapro.eu\/wp-content\/uploads\/2025\/12\/mobilni_transporter_reciklaza_odpadkov.thumb-530x398-1.jpg 530w, https:\/\/www.siapro.eu\/wp-content\/uploads\/2025\/12\/mobilni_transporter_reciklaza_odpadkov.thumb-530x398-1-300x225.jpg 300w, https:\/\/www.siapro.eu\/wp-content\/uploads\/2025\/12\/mobilni_transporter_reciklaza_odpadkov.thumb-530x398-1-16x12.jpg 16w\" sizes=\"auto, (max-width: 530px) 100vw, 530px\" loading=\"lazy\">\n          \n                  <\/figure>\n      <\/a>\n\n                \n      <a class=\"ee-gallery-item ee-gallery-item--image ee-gallery-item--single\" href=\"https:\/\/www.siapro.eu\/wp-content\/uploads\/2025\/12\/recikliranje_kovin.jpg\"  data-sub-html=\"<span><\/span>\" data-category=\"1\"                  data-lg-size=\"1280-960\"\n\n      >\n        <figure class=\"ee-gallery-item-figure\">\n                        <img decoding=\"async\" class=\"breakdance-image-object\" src=\"https:\/\/www.siapro.eu\/wp-content\/uploads\/2025\/12\/recikliranje_kovin-1024x768.jpg\" width=\"1024\" height=\"768\" srcset=\"https:\/\/www.siapro.eu\/wp-content\/uploads\/2025\/12\/recikliranje_kovin.jpg 1280w, https:\/\/www.siapro.eu\/wp-content\/uploads\/2025\/12\/recikliranje_kovin-300x225.jpg 300w, https:\/\/www.siapro.eu\/wp-content\/uploads\/2025\/12\/recikliranje_kovin-1024x768.jpg 1024w, https:\/\/www.siapro.eu\/wp-content\/uploads\/2025\/12\/recikliranje_kovin-768x576.jpg 768w, https:\/\/www.siapro.eu\/wp-content\/uploads\/2025\/12\/recikliranje_kovin-16x12.jpg 16w\" sizes=\"auto, (max-width: 1280px) 100vw, 1280px\" loading=\"lazy\">\n          \n                  <\/figure>\n      <\/a>\n\n                \n      <a class=\"ee-gallery-item ee-gallery-item--image ee-gallery-item--single\" href=\"https:\/\/www.siapro.eu\/wp-content\/uploads\/2025\/12\/recikliranje_zgure.jpg\"  data-sub-html=\"<span><\/span>\" data-category=\"1\"                  data-lg-size=\"1024-768\"\n\n      >\n        <figure class=\"ee-gallery-item-figure\">\n                        <img decoding=\"async\" class=\"breakdance-image-object\" src=\"https:\/\/www.siapro.eu\/wp-content\/uploads\/2025\/12\/recikliranje_zgure.jpg\" width=\"1024\" height=\"768\" srcset=\"https:\/\/www.siapro.eu\/wp-content\/uploads\/2025\/12\/recikliranje_zgure.jpg 1024w, https:\/\/www.siapro.eu\/wp-content\/uploads\/2025\/12\/recikliranje_zgure-300x225.jpg 300w, https:\/\/www.siapro.eu\/wp-content\/uploads\/2025\/12\/recikliranje_zgure-768x576.jpg 768w, https:\/\/www.siapro.eu\/wp-content\/uploads\/2025\/12\/recikliranje_zgure-16x12.jpg 16w\" sizes=\"auto, (max-width: 1024px) 100vw, 1024px\" loading=\"lazy\">\n          \n                  <\/figure>\n      <\/a>\n\n                \n      <a class=\"ee-gallery-item ee-gallery-item--image ee-gallery-item--single\" href=\"https:\/\/www.siapro.eu\/wp-content\/uploads\/2025\/12\/transporter_za_sortiranje_kovinskih_odpadkov-2.jpg\"  data-sub-html=\"<span><\/span>\" data-category=\"1\"                  data-lg-size=\"1280-960\"\n\n      >\n        <figure class=\"ee-gallery-item-figure\">\n                        <img decoding=\"async\" class=\"breakdance-image-object\" src=\"https:\/\/www.siapro.eu\/wp-content\/uploads\/2025\/12\/transporter_za_sortiranje_kovinskih_odpadkov-2-1024x768.jpg\" width=\"1024\" height=\"768\" srcset=\"https:\/\/www.siapro.eu\/wp-content\/uploads\/2025\/12\/transporter_za_sortiranje_kovinskih_odpadkov-2.jpg 1280w, https:\/\/www.siapro.eu\/wp-content\/uploads\/2025\/12\/transporter_za_sortiranje_kovinskih_odpadkov-2-300x225.jpg 300w, https:\/\/www.siapro.eu\/wp-content\/uploads\/2025\/12\/transporter_za_sortiranje_kovinskih_odpadkov-2-1024x768.jpg 1024w, https:\/\/www.siapro.eu\/wp-content\/uploads\/2025\/12\/transporter_za_sortiranje_kovinskih_odpadkov-2-768x576.jpg 768w, https:\/\/www.siapro.eu\/wp-content\/uploads\/2025\/12\/transporter_za_sortiranje_kovinskih_odpadkov-2-16x12.jpg 16w\" sizes=\"auto, (max-width: 1280px) 100vw, 1280px\" loading=\"lazy\">\n          \n                  <\/figure>\n      <\/a>\n\n                \n      <a class=\"ee-gallery-item ee-gallery-item--image ee-gallery-item--single\" href=\"https:\/\/www.siapro.eu\/wp-content\/uploads\/2025\/12\/polzni_transporterji1.thumb-530x396-1.jpg\"  data-sub-html=\"<span><\/span>\" data-category=\"1\"                  data-lg-size=\"530-396\"\n\n      >\n        <figure class=\"ee-gallery-item-figure\">\n                        <img decoding=\"async\" class=\"breakdance-image-object\" src=\"https:\/\/www.siapro.eu\/wp-content\/uploads\/2025\/12\/polzni_transporterji1.thumb-530x396-1.jpg\" width=\"530\" height=\"396\" srcset=\"https:\/\/www.siapro.eu\/wp-content\/uploads\/2025\/12\/polzni_transporterji1.thumb-530x396-1.jpg 530w, https:\/\/www.siapro.eu\/wp-content\/uploads\/2025\/12\/polzni_transporterji1.thumb-530x396-1-300x224.jpg 300w, https:\/\/www.siapro.eu\/wp-content\/uploads\/2025\/12\/polzni_transporterji1.thumb-530x396-1-16x12.jpg 16w\" sizes=\"auto, (max-width: 530px) 100vw, 530px\" loading=\"lazy\">\n          \n                  <\/figure>\n      <\/a>\n\n      \n  <\/div>\n\n\n\n<\/div>\n<\/div><div class=\"bde-div-1194-446 bde-div\">\n  \n  \n\t\n\n\n\n<h3 class=\"bde-heading-1194-447 bde-heading\">\nVideo\n<\/h3><div class=\"bde-video-1194-452 bde-video\">\n<div class=\"ee-video-container\">\n                                                                            \n                                \n                <iframe\n                        class=\"ee-video lozad\"\n                title=\"\"\n                                data-src=\"https:\/\/www.youtube.com\/embed\/KnekFYtAkrc?feature=oembed&playsinline=0&rel=0&enablejsapi=1\"\n                frameborder=\"0\"\n                allow=\"accelerometer; autoplay; clipboard-write; encrypted-media; gyroscope; picture-in-picture\"\n                allowfullscreen>\n                <\/iframe>\n                    \n        \n            \n    <\/div>\n\n<\/div><div class=\"bde-text-1194-456 bde-text\">\nMobile F\u00f6rderanlagen\n<\/div>\n<\/div>\n<\/div><div class=\"bde-text-1194-449 bde-text\">\nWir behalten uns alle Rechte an den Inhalten und Fotos dieser Website vor. Jegliche Verwendung des Inhalts, ganz oder teilweise, ist ohne die vorherige schriftliche Zustimmung von Siapro untersagt. Alle Fotos \u00a9Siapro.\n<\/div><\/div>\n<\/section><section class=\"bde-section-1194-494 bde-section\">\n  \n  \n\t\n\n\n\n        <div class=\"section-shape-divider-wrapper section-shape-divider-wrapper--1\">\n          <span class=\"section-shape-divider\">\n                      <svg\n                xmlns=\"http:\/\/www.w3.org\/2000\/svg\"\n                viewbox=\"0 0 1440 320\"\n                preserveaspectratio=\"none\"\n            >\n              <path fill=\"currentColor\" fill-opacity=\"1\" d=\"M0,32L40,64C80,96,160,160,240,181.3C320,203,400,181,480,197.3C560,213,640,267,720,261.3C800,256,880,192,960,154.7C1040,117,1120,107,1200,85.3C1280,64,1360,32,1400,16L1440,0L1440,320L1400,320C1360,320,1280,320,1200,320C1120,320,1040,320,960,320C880,320,800,320,720,320C640,320,560,320,480,320C400,320,320,320,240,320C160,320,80,320,40,320L0,320Z\"><\/path>\n            <\/svg>\n                    <\/span>\n      <\/div>\n        <div class=\"section-shape-divider-wrapper section-shape-divider-wrapper--2\">\n          <span class=\"section-shape-divider\">\n                      <svg\n                xmlns=\"http:\/\/www.w3.org\/2000\/svg\"\n                viewbox=\"0 0 1440 320\"\n                preserveaspectratio=\"none\"\n            >\n              <path fill=\"currentColor\" fill-opacity=\"1\" d=\"M0,32L40,64C80,96,160,160,240,181.3C320,203,400,181,480,197.3C560,213,640,267,720,261.3C800,256,880,192,960,154.7C1040,117,1120,107,1200,85.3C1280,64,1360,32,1400,16L1440,0L1440,320L1400,320C1360,320,1280,320,1200,320C1120,320,1040,320,960,320C880,320,800,320,720,320C640,320,560,320,480,320C400,320,320,320,240,320C160,320,80,320,40,320L0,320Z\"><\/path>\n            <\/svg>\n                    <\/span>\n      <\/div>\n  <div class=\"section-container\"><div class=\"bde-div-1194-495 bde-div\" data-entrance=\"slideUp\">\n  \n  \n\t\n\n\n\n<div class=\"bde-div-1194-496 bde-div\">\n  \n  \n\t\n\n\n\n<h2 class=\"bde-heading-1194-497 bde-heading\">\nKontaktieren Sie uns f\u00fcr eine fachkundige Beratung.\n<\/h2><div class=\"bde-text-1194-498 bde-text\">\nSetzen Sie sich mit uns in Verbindung, um ein mobiles F\u00f6rderband zu entwerfen, das auf Ihr Material, Ihren Standort und Ihre Kapazit\u00e4t zugeschnitten ist.\n<\/div><div class=\"bde-button-1194-499 bde-button\">\n    \n                        \n                        \n    \n    \n    \n    \n            \n                    \n            \n            \n\n    \n    \n    \n    \n    \n    <a class=\"breakdance-link button-atom button-atom--custom bde-button__button\" href=\"https:\/\/www.siapro.eu\/de\/kontakt\/\" target=\"_self\" data-type=\"url\"  >\n\n    \n        <span class=\"button-atom__text\">KONTAKT US<\/span>\n\n        \n        \n                <\/a>\n\n    \n\n\n<\/div>\n<\/div>\n<\/div><\/div>\n<\/section>","protected":false},"excerpt":{"rendered":"<p>Mobilni transporterji Fleksibilne re\u0161itve za transport, nakladanje, razkladanje in sortiranje materialov v razli\u010dnih industrijah. Mobilne re\u0161itve za transport in manipulacijo materialov Mobilni transporterji Siapro so namenjeni zbiranje, sortiranju, transportu ter nakladanju in razkladanju razli\u010dnih materialov. Uporabljajo se za: praznjenje prikolic, vagonov in ladij, nakladanje tovornjakov, kontejnerjev in skladi\u0161\u010dnih enot, preme\u0161\u010danje materiala na razli\u010dne vi\u0161ine in [&hellip;]<\/p>\n","protected":false},"author":1,"featured_media":0,"parent":1187,"menu_order":0,"comment_status":"closed","ping_status":"closed","template":"","meta":{"_breakdance_hide_in_design_set":false,"_breakdance_tags":"","footnotes":""},"class_list":["post-1194","page","type-page","status-publish","hentry"],"_links":{"self":[{"href":"https:\/\/www.siapro.eu\/de\/wp-json\/wp\/v2\/pages\/1194","targetHints":{"allow":["GET"]}}],"collection":[{"href":"https:\/\/www.siapro.eu\/de\/wp-json\/wp\/v2\/pages"}],"about":[{"href":"https:\/\/www.siapro.eu\/de\/wp-json\/wp\/v2\/types\/page"}],"author":[{"embeddable":true,"href":"https:\/\/www.siapro.eu\/de\/wp-json\/wp\/v2\/users\/1"}],"replies":[{"embeddable":true,"href":"https:\/\/www.siapro.eu\/de\/wp-json\/wp\/v2\/comments?post=1194"}],"version-history":[{"count":5,"href":"https:\/\/www.siapro.eu\/de\/wp-json\/wp\/v2\/pages\/1194\/revisions"}],"predecessor-version":[{"id":1897,"href":"https:\/\/www.siapro.eu\/de\/wp-json\/wp\/v2\/pages\/1194\/revisions\/1897"}],"up":[{"embeddable":true,"href":"https:\/\/www.siapro.eu\/de\/wp-json\/wp\/v2\/pages\/1187"}],"wp:attachment":[{"href":"https:\/\/www.siapro.eu\/de\/wp-json\/wp\/v2\/media?parent=1194"}],"curies":[{"name":"WordPress<\/h1>","href":"https:\/\/api.w.org\/{rel}","templated":true}]}}