{"id":1137,"date":"2025-12-04T21:55:01","date_gmt":"2025-12-04T20:55:01","guid":{"rendered":"https:\/\/www.siapro.eu\/?page_id=1137"},"modified":"2025-12-07T19:39:33","modified_gmt":"2025-12-07T18:39:33","slug":"blasting-machine-for-the-preparation-of-the-surface-of-gas-cylinders","status":"publish","type":"page","link":"https:\/\/www.siapro.eu\/en\/peskalni-stroji\/stroj-za-peskanje-za-pripravo-povrsine-plinskih-jeklenk\/","title":{"rendered":"Blasting machine for surface preparation of gas cylinders"},"content":{"rendered":"<section class=\"bde-section-1137-316 bde-section\">\n              \n  \n  \n\t\n\n\n\n<div class=\"section-container\"><h1 class=\"bde-heading-1137-102 bde-heading\">\nShotblasting machine for gas cylinders\n<\/h1><div class=\"bde-text-1137-320 bde-text\">\nHigh-performance automated shotblasting machines for gas cylinders \u2013 precision, speed and optimal surface preparation.\n<\/div><\/div>\n<\/section><section id=\"podjetja\" class=\"bde-section-1137-399 bde-section\">\n  \n  \n\t\n\n\n\n<div class=\"section-container\"><h2 class=\"bde-heading-1137-400 bde-heading heading-with-bar\">\nAdvanced shotblasting machines for gas cylinders\n<\/h2><\/div>\n<\/section><section class=\"bde-section-1137-332 bde-section\">\n  \n  \n\t\n\n\n\n<div class=\"section-container\"><div class=\"bde-columns-1137-408 bde-columns\"><div class=\"bde-column-1137-409 bde-column\">\n  \n  \n\t\n\n\n\n<div class=\"bde-rich-text-1137-412 bde-rich-text breakdance-rich-text-styles\">\n<p class=\"translation-block\">Discover the Siapro range of machines, specifically designed for the surface preparation of gas cylinders with maximum efficiency, high throughput and cost-effective operation.\nOur systems use E-ECO turbine technology, developed by Siapro, which ensures high productivity, precision and compliance with strict industrial standards.<\/p>\n<p data-start=\"1167\" data-end=\"1329\">E-ECO turbines are the result of many years of development and provide exceptional efficiency, low energy consumption and reduced wear of components, significantly lowering total process costs.<\/p>\n<p data-start=\"1331\" data-end=\"1418\">\u00a0<\/p>\n<\/div>\n<\/div><div class=\"bde-column-1137-410 bde-column\">\n  \n  \n\t\n\n\n\n<div class=\"bde-video-1137-514 bde-video\">\n<div class=\"ee-video-container\">\n                                                                        \n                <lite-youtube\n                        videoid=\"ZFzQ_xqZs1Y\"\n                                                style=\"background-image: url(https:\/\/i.ytimg.com\/vi\/ZFzQ_xqZs1Y\/maxresdefault.jpg); \"\n                        class=\"ee-video\"\n                        title=\"\"\n                        params=\"&playsinline=0&rel=0&enablejsapi=1\"\n                >\n                <\/lite-youtube>\n                    \n        \n            \n    <\/div>\n\n<\/div><div class=\"bde-rich-text-1137-515 bde-rich-text breakdance-rich-text-styles\">\n<p class=\"translation-block\">Video: Gas cylinder shotblasting machine (E-ECO turbines + Factory Acceptance Test)<\/p>\n<\/div>\n<\/div><\/div><\/div>\n<\/section><section id=\"podjetja\" class=\"bde-section-1137-413 bde-section\">\n              \n  \n  \n\t\n\n  <div class=\"section-background-overlay\"><\/div>\n\n\n<div class=\"section-container\"><h2 class=\"bde-heading-1137-414 bde-heading heading-with-bar\">\nKey machine features\n<\/h2><\/div>\n<\/section><section class=\"bde-section-1137-385 bde-section\">\n              \n  \n  \n\t\n\n  <div class=\"section-background-overlay\"><\/div>\n\n\n<div class=\"section-container\"><div class=\"bde-columns-1137-387 bde-columns\"><div class=\"bde-column-1137-388 bde-column\">\n  \n  \n\t\n\n\n\n<div class=\"bde-rich-text-1137-516 bde-rich-text breakdance-rich-text-styles\">\n<p><strong>Precise abrasive control<\/strong><\/p>\n<p>Advanced systems enable precise adjustment of abrasive flow rate and blast pattern. This ensures optimal cleaning of the metal surface, adapted to the geometry of the gas cylinder.<\/p>\n<p><strong>Automated process control<\/strong><\/p>\n<p class=\"translation-block\">Shotblasting parameters (speed, angle, blast coverage) are precisely managed by an automation system, ensuring consistent and repeatable results on every cylinder.<\/p>\n<p><strong>Efficient dust collection<\/strong><\/p>\n<p>High-quality filtration systems ensure a safe and clean working environment and full compliance with environmental and safety regulations.<\/p>\n<p><strong>Integrated material handling<\/strong><\/p>\n<p>The machine can be seamlessly integrated into your production line \u2014 from loading to conveying and unloading of cylinders.<\/p>\n<p><strong>Robust industrial design<\/strong><\/p>\n<p>Designed for continuous operation in demanding environments; wear-resistant materials and reinforced internal protection reduce wear and extend service life.<\/p>\n<p><strong>Remote monitoring and diagnostics<\/strong><\/p>\n<p>Real-time monitoring enables optimized maintenance, fast response times and reduced downtime.<\/p>\n<p>\u00a0<\/p>\n<\/div>\n<\/div><\/div><\/div>\n<\/section><section id=\"podjetja\" class=\"bde-section-1137-517 bde-section\">\n              \n  \n  \n\t\n\n  <div class=\"section-background-overlay\"><\/div>\n\n\n<div class=\"section-container\"><h2 class=\"bde-heading-1137-518 bde-heading heading-with-bar\">\nApplications and advantages\n<\/h2><\/div>\n<\/section><section class=\"bde-section-1137-519 bde-section\">\n              \n  \n  \n\t\n\n  <div class=\"section-background-overlay\"><\/div>\n\n\n<div class=\"section-container\"><div class=\"bde-columns-1137-520 bde-columns\"><div class=\"bde-column-1137-521 bde-column\">\n  \n  \n\t\n\n\n\n<div class=\"bde-rich-text-1137-522 bde-rich-text breakdance-rich-text-styles\">\n<p><strong>Applications:<\/strong><\/p>\n<ul>\n<li>surface preparation of gas cylinders<\/li>\n<li>removal of paint, oxides and coatings<\/li>\n<li>surface profiling for improved coating adhesion<\/li>\n<\/ul>\n<p><strong>Advantages:<\/strong><\/p>\n<ul>\n<li>completely cleaned, homogeneous surface<\/li>\n<li>repeatable surface profiles<\/li>\n<li>improved adhesion of paints and coatings<\/li>\n<li>compliance with industrial standards<\/li>\n<li>extended coating service life<\/li>\n<li>optimized production processes<\/li>\n<\/ul>\n<p>Siapro machines are designed for the most demanding environments and deliver top-level results in serial and continuous production.<\/p>\n<p>\u00a0<\/p>\n<\/div>\n<\/div><\/div><\/div>\n<\/section><section class=\"bde-section-1137-494 bde-section\">\n  \n  \n\t\n\n\n\n        <div class=\"section-shape-divider-wrapper section-shape-divider-wrapper--1\">\n          <span class=\"section-shape-divider\">\n                      <svg\n                xmlns=\"http:\/\/www.w3.org\/2000\/svg\"\n                viewbox=\"0 0 1440 320\"\n                preserveaspectratio=\"none\"\n            >\n              <path fill=\"currentColor\" fill-opacity=\"1\" d=\"M0,32L40,64C80,96,160,160,240,181.3C320,203,400,181,480,197.3C560,213,640,267,720,261.3C800,256,880,192,960,154.7C1040,117,1120,107,1200,85.3C1280,64,1360,32,1400,16L1440,0L1440,320L1400,320C1360,320,1280,320,1200,320C1120,320,1040,320,960,320C880,320,800,320,720,320C640,320,560,320,480,320C400,320,320,320,240,320C160,320,80,320,40,320L0,320Z\"><\/path>\n            <\/svg>\n                    <\/span>\n      <\/div>\n        <div class=\"section-shape-divider-wrapper section-shape-divider-wrapper--2\">\n          <span class=\"section-shape-divider\">\n                      <svg\n                xmlns=\"http:\/\/www.w3.org\/2000\/svg\"\n                viewbox=\"0 0 1440 320\"\n                preserveaspectratio=\"none\"\n            >\n              <path fill=\"currentColor\" fill-opacity=\"1\" d=\"M0,32L40,64C80,96,160,160,240,181.3C320,203,400,181,480,197.3C560,213,640,267,720,261.3C800,256,880,192,960,154.7C1040,117,1120,107,1200,85.3C1280,64,1360,32,1400,16L1440,0L1440,320L1400,320C1360,320,1280,320,1200,320C1120,320,1040,320,960,320C880,320,800,320,720,320C640,320,560,320,480,320C400,320,320,320,240,320C160,320,80,320,40,320L0,320Z\"><\/path>\n            <\/svg>\n                    <\/span>\n      <\/div>\n  <div class=\"section-container\"><div class=\"bde-div-1137-495 bde-div\" data-entrance=\"slideUp\">\n  \n  \n\t\n\n\n\n<div class=\"bde-div-1137-496 bde-div\">\n  \n  \n\t\n\n\n\n<h2 class=\"bde-heading-1137-497 bde-heading\">\nGet in touch with us for professional advice.\n<\/h2><div class=\"bde-text-1137-498 bde-text\">\nContact us and we will help you design the optimal solution for surface preparation of your gas cylinders.\n<\/div><div class=\"bde-button-1137-499 bde-button\">\n    \n                        \n                        \n    \n    \n    \n    \n            \n                    \n            \n            \n\n    \n    \n    \n    \n    \n    <a class=\"breakdance-link button-atom button-atom--custom bde-button__button\" href=\"https:\/\/www.siapro.eu\/en\/contact\/\" target=\"_self\" data-type=\"url\"  >\n\n    \n        <span class=\"button-atom__text\">CONTACT US<\/span>\n\n        \n        \n                <\/a>\n\n    \n\n\n<\/div>\n<\/div>\n<\/div><\/div>\n<\/section>","protected":false},"excerpt":{"rendered":"<p>Stroj za peskanje povr\u0161ine plinskih jeklenk Visokozmogljivi avtomatizirani stroji za peskanje plinskih jeklenk \u2013 natan\u010dnost, hitrost in optimalna priprava povr\u0161ine. Napredni stroji za peskanje plinskih jeklenk Oglejte si Siapro linijo strojev, posebej zasnovanih za pripravo povr\u0161ine plinskih jeklenk z najve\u010djo u\u010dinkovitostjo, hitrostjo in stro\u0161kovno racionalnostjo.Na\u0161i sistemi uporabljajo E-ECO turbinsko tehnologijo, razvito v Siapro, ki zagotavlja [&hellip;]<\/p>\n","protected":false},"author":1,"featured_media":0,"parent":227,"menu_order":0,"comment_status":"closed","ping_status":"closed","template":"","meta":{"_breakdance_hide_in_design_set":false,"_breakdance_tags":"","footnotes":""},"class_list":["post-1137","page","type-page","status-publish","hentry"],"_links":{"self":[{"href":"https:\/\/www.siapro.eu\/en\/wp-json\/wp\/v2\/pages\/1137","targetHints":{"allow":["GET"]}}],"collection":[{"href":"https:\/\/www.siapro.eu\/en\/wp-json\/wp\/v2\/pages"}],"about":[{"href":"https:\/\/www.siapro.eu\/en\/wp-json\/wp\/v2\/types\/page"}],"author":[{"embeddable":true,"href":"https:\/\/www.siapro.eu\/en\/wp-json\/wp\/v2\/users\/1"}],"replies":[{"embeddable":true,"href":"https:\/\/www.siapro.eu\/en\/wp-json\/wp\/v2\/comments?post=1137"}],"version-history":[{"count":5,"href":"https:\/\/www.siapro.eu\/en\/wp-json\/wp\/v2\/pages\/1137\/revisions"}],"predecessor-version":[{"id":1470,"href":"https:\/\/www.siapro.eu\/en\/wp-json\/wp\/v2\/pages\/1137\/revisions\/1470"}],"up":[{"embeddable":true,"href":"https:\/\/www.siapro.eu\/en\/wp-json\/wp\/v2\/pages\/227"}],"wp:attachment":[{"href":"https:\/\/www.siapro.eu\/en\/wp-json\/wp\/v2\/media?parent=1137"}],"curies":[{"name":"wp","href":"https:\/\/api.w.org\/{rel}","templated":true}]}}