{"id":1151,"date":"2025-12-04T21:56:29","date_gmt":"2025-12-04T20:56:29","guid":{"rendered":"https:\/\/www.siapro.eu\/?page_id=1151"},"modified":"2025-12-07T22:03:46","modified_gmt":"2025-12-07T21:03:46","slug":"blast-chambers","status":"publish","type":"page","link":"https:\/\/www.siapro.eu\/en\/peskalni-stroji\/peskalne-komore\/","title":{"rendered":"Shotblasting chambers"},"content":{"rendered":"<section class=\"bde-section-1151-316 bde-section\">\n              \n  \n  \n\t\n\n\n\n<div class=\"section-container\"><h1 class=\"bde-heading-1151-102 bde-heading\">\nShotblasting chambers\n<\/h1><div class=\"bde-text-1151-320 bde-text\">\nHigh-performance chambers for shotblasting large and complex workpieces \u2013 precise surface cleaning using compressed air technology.\n<\/div><\/div>\n<\/section><section id=\"podjetja\" class=\"bde-section-1151-399 bde-section\">\n  \n  \n\t\n\n\n\n<div class=\"section-container\"><h2 class=\"bde-heading-1151-400 bde-heading heading-with-bar\">\nHigh-performance shotblasting chambers for precise surface cleaning\n<\/h2><\/div>\n<\/section><section class=\"bde-section-1151-332 bde-section\">\n  \n  \n\t\n\n\n\n<div class=\"section-container\"><div class=\"bde-columns-1151-408 bde-columns\"><div class=\"bde-column-1151-409 bde-column\">\n  \n  \n\t\n\n\n\n<div class=\"bde-rich-text-1151-412 bde-rich-text breakdance-rich-text-styles\">\n<p class=\"translation-block\">Siapro shotblasting chambers are designed for efficient processing of large, heavy or geometrically complex workpieces.\nBy using compressed air technology, they enable:<\/p>\n<ul>\n<li data-start=\"822\" data-end=\"850\">precise surface cleaning,<\/li>\n<li data-start=\"853\" data-end=\"888\">removal of burrs and residues,<\/li>\n<li data-start=\"891\" data-end=\"932\">surface preparation prior to coating application,<\/li>\n<li data-start=\"935\" data-end=\"993\">versatile use across numerous industrial applications.<\/li>\n<\/ul>\n<p data-start=\"995\" data-end=\"1148\">The chambers are suitable for alloys, steel structures, pipe elements, large mechanical parts and other products that require manual or semi-automatic shotblasting.<\/p>\n<\/div>\n<\/div><div class=\"bde-column-1151-410 bde-column\">\n  \n  \n\t\n\n\n\n<img decoding=\"async\" class=\"bde-image2-1151-411 bde-image2\" src=\"https:\/\/www.siapro.eu\/wp-content\/uploads\/2025\/12\/pesklane_komore.jpg\" loading=\"lazy\" srcset=\"https:\/\/www.siapro.eu\/wp-content\/uploads\/2025\/12\/pesklane_komore.jpg 600w, https:\/\/www.siapro.eu\/wp-content\/uploads\/2025\/12\/pesklane_komore-300x239.jpg 300w, https:\/\/www.siapro.eu\/wp-content\/uploads\/2025\/12\/pesklane_komore-15x12.jpg 15w\" sizes=\"(max-width: 600px) 100vw, 600px\">\n<\/div><\/div><\/div>\n<\/section><section id=\"podjetja\" class=\"bde-section-1151-413 bde-section\">\n              \n  \n  \n\t\n\n  <div class=\"section-background-overlay\"><\/div>\n\n\n<div class=\"section-container\"><h2 class=\"bde-heading-1151-414 bde-heading heading-with-bar\">\nTailored solutions, integrated systems and maximum efficiency\n<\/h2><\/div>\n<\/section><section class=\"bde-section-1151-385 bde-section\">\n              \n  \n  \n\t\n\n  <div class=\"section-background-overlay\"><\/div>\n\n\n<div class=\"section-container\"><div class=\"bde-columns-1151-387 bde-columns\"><div class=\"bde-column-1151-388 bde-column\">\n  \n  \n\t\n\n\n\n<div class=\"bde-rich-text-1151-514 bde-rich-text breakdance-rich-text-styles\">\n<p><strong>Adaptation to your requirements<\/strong><\/p>\n<p>Various sizes and configurations are available:<\/p>\n<ul>\n<li>indoor or outdoor installation,<\/li>\n<li>chambers for large workpieces or serial processing,<\/li>\n<li>individual customisation according to customer requirements.<\/li>\n<\/ul>\n<p>Each chamber is equipped with:<\/p>\n<p>\u2714 Optimised, safe <strong>Lighting<\/strong> for clear visibility,<br \/>\u2714 <strong>wall protection<\/strong> made of wear-resistant materials,<br \/>\u2714 <strong>advanced electrical systems<\/strong> for reliable operation.<\/p>\n<p><strong>Turnkey solutions<\/strong><\/p>\n<p>Siapro provides complete integration of the shotblasting system, including:<\/p>\n<ul>\n<li><strong>abrasive recycling and filtration systems, which<\/strong>,\n<ul>\n<li>reduce material consumption,<\/li>\n<li>improve shotblasting quality,<\/li>\n<li>lower operating costs,<\/li>\n<\/ul>\n<\/li>\n<li><strong>energy-efficient technology, resulting in<\/strong>,\n<ul>\n<li>reduced electricity consumption,<\/li>\n<li>lower chamber heating requirements,<\/li>\n<\/ul>\n<\/li>\n<li><strong>fast installation and commissioning, enabling<\/strong>,\n<ul>\n<li>easy integration into existing production flows,<\/li>\n<li>minimal downtime during installation.<\/li>\n<\/ul>\n<\/li>\n<\/ul>\n<p class=\"translation-block\">Siapro shotblasting chambers ensure reliable operation, long service life and a high level of workplace safety.<\/p>\n<\/div>\n<\/div><div class=\"bde-column-1151-390 bde-column\">\n  \n  \n\t\n\n\n\n<img decoding=\"async\" class=\"bde-image2-1151-416 bde-image2\" src=\"https:\/\/www.siapro.eu\/wp-content\/uploads\/2025\/12\/Peskalna_komora___hruska_004.jpg\" loading=\"lazy\" srcset=\"https:\/\/www.siapro.eu\/wp-content\/uploads\/2025\/12\/Peskalna_komora___hruska_004.jpg 600w, https:\/\/www.siapro.eu\/wp-content\/uploads\/2025\/12\/Peskalna_komora___hruska_004-300x225.jpg 300w, https:\/\/www.siapro.eu\/wp-content\/uploads\/2025\/12\/Peskalna_komora___hruska_004-16x12.jpg 16w\" sizes=\"(max-width: 600px) 100vw, 600px\">\n<\/div><\/div><\/div>\n<\/section><section id=\"podjetja\" class=\"bde-section-1151-500 bde-section\">\n  \n  \n\t\n\n\n\n<div class=\"section-container\"><h2 class=\"bde-heading-1151-501 bde-heading heading-with-bar\">\nBROCHURES AND QUESTIONNAIRE\n<\/h2><div class=\"bde-grid-1151-502 bde-grid\">\n  \n  \n\t\n\n\n\n<div class=\"bde-div-1151-503 bde-div\">\n  \n  \n\t\n\n\n\n<h3 class=\"bde-heading-1151-504 bde-heading\">\nBrochures\n<\/h3><div class=\"bde-icon-list-1151-505 bde-icon-list\">\n<ul>\n  \n              \n    <li>\n                      \n            \n            \n\n    \n    \n    \n    \n    \n    <a class=\"breakdance-link bde-icon-list__item-wrapper\" href=\"https:\/\/www.siapro.eu\/wp-content\/uploads\/2025\/12\/KOM_Blasting_chamber_ang_2024_distribution-1.pdf\" target=\"_self\" data-type=\"url\"  >\n\n      \n      <span class='bde-icon-list__icon'>\n        <svg xmlns=\"http:\/\/www.w3.org\/2000\/svg\" viewbox=\"0 0 512 512\"><!--! Font Awesome Free 6.5.1 by @fontawesome - https:\/\/fontawesome.com License - https:\/\/fontawesome.com\/license\/free (Icons: CC BY 4.0, Fonts: SIL OFL 1.1, Code: MIT License) Copyright 2023 Fonticons, Inc. --><path d=\"M64 464l48 0 0 48-48 0c-35.3 0-64-28.7-64-64L0 64C0 28.7 28.7 0 64 0L229.5 0c17 0 33.3 6.7 45.3 18.7l90.5 90.5c12 12 18.7 28.3 18.7 45.3L384 304l-48 0 0-144-80 0c-17.7 0-32-14.3-32-32l0-80L64 48c-8.8 0-16 7.2-16 16l0 384c0 8.8 7.2 16 16 16zM176 352l32 0c30.9 0 56 25.1 56 56s-25.1 56-56 56l-16 0 0 32c0 8.8-7.2 16-16 16s-16-7.2-16-16l0-48 0-80c0-8.8 7.2-16 16-16zm32 80c13.3 0 24-10.7 24-24s-10.7-24-24-24l-16 0 0 48 16 0zm96-80l32 0c26.5 0 48 21.5 48 48l0 64c0 26.5-21.5 48-48 48l-32 0c-8.8 0-16-7.2-16-16l0-128c0-8.8 7.2-16 16-16zm32 128c8.8 0 16-7.2 16-16l0-64c0-8.8-7.2-16-16-16l-16 0 0 96 16 0zm80-112c0-8.8 7.2-16 16-16l48 0c8.8 0 16 7.2 16 16s-7.2 16-16 16l-32 0 0 32 32 0c8.8 0 16 7.2 16 16s-7.2 16-16 16l-32 0 0 48c0 8.8-7.2 16-16 16s-16-7.2-16-16l0-64 0-64z\"\/><\/svg>\n      <\/span>\n      <span class='bde-icon-list__text' >\n      COM_Blasting_chamber_ang_2024_distribution\n      <\/span>\n                  <\/a>\n\n      \n    <\/li>\n\n  <\/ul>\n\n<\/div>\n<\/div>\n<\/div><\/div>\n<\/section><section id=\"podjetja\" class=\"bde-section-1151-440 bde-section\">\n              \n  \n  \n\t\n\n  <div class=\"section-background-overlay\"><\/div>\n\n\n<div class=\"section-container\"><h2 class=\"bde-heading-1151-441 bde-heading heading-with-bar\">\nREFERENCES\n<\/h2><div class=\"bde-grid-1151-442 bde-grid\">\n  \n  \n\t\n\n\n\n<div class=\"bde-div-1151-443 bde-div\">\n  \n  \n\t\n\n\n\n<h3 class=\"bde-heading-1151-444 bde-heading\">\nPhotos\n<\/h3><div class=\"bde-gallery-1151-450 bde-gallery\">\n\n\n  \n\n\n\n\n\n\n\n\n\n\n<div class=\"ee-gallery ee-gallery--default ee-gallery--grid ee-gallery--single ee-gallery--lightbox ee-gallery-- ee-gallery--caption- ee-gallery--caption-none ee-gallery--ratio\">\n                  \n      <a class=\"ee-gallery-item ee-gallery-item--image ee-gallery-item--single\" href=\"https:\/\/www.siapro.eu\/wp-content\/uploads\/2025\/12\/BISSCHEIM4.jpg\"  data-sub-html=\"<span><\/span>\" data-category=\"1\"                  data-lg-size=\"761-571\"\n\n      >\n        <figure class=\"ee-gallery-item-figure\">\n                        <img decoding=\"async\" class=\"breakdance-image-object\" src=\"https:\/\/www.siapro.eu\/wp-content\/uploads\/2025\/12\/BISSCHEIM4.jpg\" width=\"761\" height=\"571\" srcset=\"https:\/\/www.siapro.eu\/wp-content\/uploads\/2025\/12\/BISSCHEIM4.jpg 761w, https:\/\/www.siapro.eu\/wp-content\/uploads\/2025\/12\/BISSCHEIM4-300x225.jpg 300w, https:\/\/www.siapro.eu\/wp-content\/uploads\/2025\/12\/BISSCHEIM4-16x12.jpg 16w\" sizes=\"auto, (max-width: 761px) 100vw, 761px\" loading=\"lazy\">\n          \n                  <\/figure>\n      <\/a>\n\n                \n      <a class=\"ee-gallery-item ee-gallery-item--image ee-gallery-item--single\" href=\"https:\/\/www.siapro.eu\/wp-content\/uploads\/2025\/12\/Blast_room_1_1.jpg\"  data-sub-html=\"<span><\/span>\" data-category=\"1\"                  data-lg-size=\"542-406\"\n\n      >\n        <figure class=\"ee-gallery-item-figure\">\n                        <img decoding=\"async\" class=\"breakdance-image-object\" src=\"https:\/\/www.siapro.eu\/wp-content\/uploads\/2025\/12\/Blast_room_1_1.jpg\" width=\"542\" height=\"406\" srcset=\"https:\/\/www.siapro.eu\/wp-content\/uploads\/2025\/12\/Blast_room_1_1.jpg 542w, https:\/\/www.siapro.eu\/wp-content\/uploads\/2025\/12\/Blast_room_1_1-300x225.jpg 300w, https:\/\/www.siapro.eu\/wp-content\/uploads\/2025\/12\/Blast_room_1_1-16x12.jpg 16w\" sizes=\"auto, (max-width: 542px) 100vw, 542px\" loading=\"lazy\">\n          \n                  <\/figure>\n      <\/a>\n\n                \n      <a class=\"ee-gallery-item ee-gallery-item--image ee-gallery-item--single\" href=\"https:\/\/www.siapro.eu\/wp-content\/uploads\/2025\/12\/DSC00076.jpg\"  data-sub-html=\"<span><\/span>\" data-category=\"1\"                  data-lg-size=\"900-675\"\n\n      >\n        <figure class=\"ee-gallery-item-figure\">\n                        <img decoding=\"async\" class=\"breakdance-image-object\" src=\"https:\/\/www.siapro.eu\/wp-content\/uploads\/2025\/12\/DSC00076.jpg\" width=\"900\" height=\"675\" srcset=\"https:\/\/www.siapro.eu\/wp-content\/uploads\/2025\/12\/DSC00076.jpg 900w, https:\/\/www.siapro.eu\/wp-content\/uploads\/2025\/12\/DSC00076-300x225.jpg 300w, https:\/\/www.siapro.eu\/wp-content\/uploads\/2025\/12\/DSC00076-768x576.jpg 768w, https:\/\/www.siapro.eu\/wp-content\/uploads\/2025\/12\/DSC00076-16x12.jpg 16w\" sizes=\"auto, (max-width: 900px) 100vw, 900px\" loading=\"lazy\">\n          \n                  <\/figure>\n      <\/a>\n\n                \n      <a class=\"ee-gallery-item ee-gallery-item--image ee-gallery-item--single\" href=\"https:\/\/www.siapro.eu\/wp-content\/uploads\/2025\/12\/Peintnla31.jpg\"  data-sub-html=\"<span><\/span>\" data-category=\"1\"                  data-lg-size=\"900-675\"\n\n      >\n        <figure class=\"ee-gallery-item-figure\">\n                        <img decoding=\"async\" class=\"breakdance-image-object\" src=\"https:\/\/www.siapro.eu\/wp-content\/uploads\/2025\/12\/Peintnla31.jpg\" width=\"900\" height=\"675\" srcset=\"https:\/\/www.siapro.eu\/wp-content\/uploads\/2025\/12\/Peintnla31.jpg 900w, https:\/\/www.siapro.eu\/wp-content\/uploads\/2025\/12\/Peintnla31-300x225.jpg 300w, https:\/\/www.siapro.eu\/wp-content\/uploads\/2025\/12\/Peintnla31-768x576.jpg 768w, https:\/\/www.siapro.eu\/wp-content\/uploads\/2025\/12\/Peintnla31-16x12.jpg 16w\" sizes=\"auto, (max-width: 900px) 100vw, 900px\" loading=\"lazy\">\n          \n                  <\/figure>\n      <\/a>\n\n                \n      <a class=\"ee-gallery-item ee-gallery-item--image ee-gallery-item--single\" href=\"https:\/\/www.siapro.eu\/wp-content\/uploads\/2025\/12\/Peskalna_komora___hruska_004.jpg\"  data-sub-html=\"<span><\/span>\" data-category=\"1\"                  data-lg-size=\"600-450\"\n\n      >\n        <figure class=\"ee-gallery-item-figure\">\n                        <img decoding=\"async\" class=\"breakdance-image-object\" src=\"https:\/\/www.siapro.eu\/wp-content\/uploads\/2025\/12\/Peskalna_komora___hruska_004.jpg\" width=\"600\" height=\"450\" srcset=\"https:\/\/www.siapro.eu\/wp-content\/uploads\/2025\/12\/Peskalna_komora___hruska_004.jpg 600w, https:\/\/www.siapro.eu\/wp-content\/uploads\/2025\/12\/Peskalna_komora___hruska_004-300x225.jpg 300w, https:\/\/www.siapro.eu\/wp-content\/uploads\/2025\/12\/Peskalna_komora___hruska_004-16x12.jpg 16w\" sizes=\"auto, (max-width: 600px) 100vw, 600px\" loading=\"lazy\">\n          \n                  <\/figure>\n      <\/a>\n\n                \n      <a class=\"ee-gallery-item ee-gallery-item--image ee-gallery-item--single\" href=\"https:\/\/www.siapro.eu\/wp-content\/uploads\/2025\/12\/Peskanje_komora.jpg\"  data-sub-html=\"<span><\/span>\" data-category=\"1\"                  data-lg-size=\"600-450\"\n\n      >\n        <figure class=\"ee-gallery-item-figure\">\n                        <img decoding=\"async\" class=\"breakdance-image-object\" src=\"https:\/\/www.siapro.eu\/wp-content\/uploads\/2025\/12\/Peskanje_komora.jpg\" width=\"600\" height=\"450\" srcset=\"https:\/\/www.siapro.eu\/wp-content\/uploads\/2025\/12\/Peskanje_komora.jpg 600w, https:\/\/www.siapro.eu\/wp-content\/uploads\/2025\/12\/Peskanje_komora-300x225.jpg 300w, https:\/\/www.siapro.eu\/wp-content\/uploads\/2025\/12\/Peskanje_komora-16x12.jpg 16w\" sizes=\"auto, (max-width: 600px) 100vw, 600px\" loading=\"lazy\">\n          \n                  <\/figure>\n      <\/a>\n\n                \n      <a class=\"ee-gallery-item ee-gallery-item--image ee-gallery-item--single\" href=\"https:\/\/www.siapro.eu\/wp-content\/uploads\/2025\/12\/peskanje_komore.jpg\"  data-sub-html=\"<span><\/span>\" data-category=\"1\"                  data-lg-size=\"600-476\"\n\n      >\n        <figure class=\"ee-gallery-item-figure\">\n                        <img decoding=\"async\" class=\"breakdance-image-object\" src=\"https:\/\/www.siapro.eu\/wp-content\/uploads\/2025\/12\/peskanje_komore.jpg\" width=\"600\" height=\"476\" srcset=\"https:\/\/www.siapro.eu\/wp-content\/uploads\/2025\/12\/peskanje_komore.jpg 600w, https:\/\/www.siapro.eu\/wp-content\/uploads\/2025\/12\/peskanje_komore-300x238.jpg 300w, https:\/\/www.siapro.eu\/wp-content\/uploads\/2025\/12\/peskanje_komore-15x12.jpg 15w\" sizes=\"auto, (max-width: 600px) 100vw, 600px\" loading=\"lazy\">\n          \n                  <\/figure>\n      <\/a>\n\n                \n      <a class=\"ee-gallery-item ee-gallery-item--image ee-gallery-item--single\" href=\"https:\/\/www.siapro.eu\/wp-content\/uploads\/2025\/12\/pesklane_komore.jpg\"  data-sub-html=\"<span><\/span>\" data-category=\"1\"                  data-lg-size=\"600-478\"\n\n      >\n        <figure class=\"ee-gallery-item-figure\">\n                        <img decoding=\"async\" class=\"breakdance-image-object\" src=\"https:\/\/www.siapro.eu\/wp-content\/uploads\/2025\/12\/pesklane_komore.jpg\" width=\"600\" height=\"478\" srcset=\"https:\/\/www.siapro.eu\/wp-content\/uploads\/2025\/12\/pesklane_komore.jpg 600w, https:\/\/www.siapro.eu\/wp-content\/uploads\/2025\/12\/pesklane_komore-300x239.jpg 300w, https:\/\/www.siapro.eu\/wp-content\/uploads\/2025\/12\/pesklane_komore-15x12.jpg 15w\" sizes=\"auto, (max-width: 600px) 100vw, 600px\" loading=\"lazy\">\n          \n                  <\/figure>\n      <\/a>\n\n      \n  <\/div>\n\n\n\n<\/div>\n<\/div>\n<\/div><div class=\"bde-text-1151-449 bde-text\">\nWe reserve all rights to the content and photographs on this website. Any use of the content, in whole or in part, is prohibited without prior written consent from Siapro. All photos \u00a9Siapro.\n<\/div><\/div>\n<\/section><section class=\"bde-section-1151-494 bde-section\">\n  \n  \n\t\n\n\n\n        <div class=\"section-shape-divider-wrapper section-shape-divider-wrapper--1\">\n          <span class=\"section-shape-divider\">\n                      <svg\n                xmlns=\"http:\/\/www.w3.org\/2000\/svg\"\n                viewbox=\"0 0 1440 320\"\n                preserveaspectratio=\"none\"\n            >\n              <path fill=\"currentColor\" fill-opacity=\"1\" d=\"M0,32L40,64C80,96,160,160,240,181.3C320,203,400,181,480,197.3C560,213,640,267,720,261.3C800,256,880,192,960,154.7C1040,117,1120,107,1200,85.3C1280,64,1360,32,1400,16L1440,0L1440,320L1400,320C1360,320,1280,320,1200,320C1120,320,1040,320,960,320C880,320,800,320,720,320C640,320,560,320,480,320C400,320,320,320,240,320C160,320,80,320,40,320L0,320Z\"><\/path>\n            <\/svg>\n                    <\/span>\n      <\/div>\n        <div class=\"section-shape-divider-wrapper section-shape-divider-wrapper--2\">\n          <span class=\"section-shape-divider\">\n                      <svg\n                xmlns=\"http:\/\/www.w3.org\/2000\/svg\"\n                viewbox=\"0 0 1440 320\"\n                preserveaspectratio=\"none\"\n            >\n              <path fill=\"currentColor\" fill-opacity=\"1\" d=\"M0,32L40,64C80,96,160,160,240,181.3C320,203,400,181,480,197.3C560,213,640,267,720,261.3C800,256,880,192,960,154.7C1040,117,1120,107,1200,85.3C1280,64,1360,32,1400,16L1440,0L1440,320L1400,320C1360,320,1280,320,1200,320C1120,320,1040,320,960,320C880,320,800,320,720,320C640,320,560,320,480,320C400,320,320,320,240,320C160,320,80,320,40,320L0,320Z\"><\/path>\n            <\/svg>\n                    <\/span>\n      <\/div>\n  <div class=\"section-container\"><div class=\"bde-div-1151-495 bde-div\" data-entrance=\"slideUp\">\n  \n  \n\t\n\n\n\n<div class=\"bde-div-1151-496 bde-div\">\n  \n  \n\t\n\n\n\n<h2 class=\"bde-heading-1151-497 bde-heading\">\nGet in touch with us for professional advice.\n<\/h2><div class=\"bde-text-1151-498 bde-text\">\nContact us for a quotation or for the design of a shotblasting chamber fully tailored to your industrial requirements.\n<\/div><div class=\"bde-button-1151-499 bde-button\">\n    \n                        \n                        \n    \n    \n    \n    \n            \n                    \n            \n            \n\n    \n    \n    \n    \n    \n    <a class=\"breakdance-link button-atom button-atom--custom bde-button__button\" href=\"https:\/\/www.siapro.eu\/en\/contact\/\" target=\"_self\" data-type=\"url\"  >\n\n    \n        <span class=\"button-atom__text\">CONTACT US<\/span>\n\n        \n        \n                <\/a>\n\n    \n\n\n<\/div>\n<\/div>\n<\/div><\/div>\n<\/section>","protected":false},"excerpt":{"rendered":"<p>Peskalne komore Visokozmogljive komore za peskanje velikih in kompleksnih obdelovancev \u2013 natan\u010dno \u010di\u0161\u010denje s tehnologijo stisnjenega zraka. Visokozmogljive peskalne komore za natan\u010dno \u010di\u0161\u010denje povr\u0161in Siapro peskalne komore so zasnovane za u\u010dinkovito obdelavo velikih, te\u017ekih ali geometrijsko kompleksnih obdelovancev.Z uporabo tehnologije stisnjenega zraka omogo\u010dajo: natan\u010dno \u010di\u0161\u010denje povr\u0161in, odstranjevanje iglic in ostankov, pripravo povr\u0161in pred nanosom premazov, [&hellip;]<\/p>\n","protected":false},"author":1,"featured_media":0,"parent":227,"menu_order":0,"comment_status":"closed","ping_status":"closed","template":"","meta":{"_breakdance_hide_in_design_set":false,"_breakdance_tags":"","footnotes":""},"class_list":["post-1151","page","type-page","status-publish","hentry"],"_links":{"self":[{"href":"https:\/\/www.siapro.eu\/en\/wp-json\/wp\/v2\/pages\/1151","targetHints":{"allow":["GET"]}}],"collection":[{"href":"https:\/\/www.siapro.eu\/en\/wp-json\/wp\/v2\/pages"}],"about":[{"href":"https:\/\/www.siapro.eu\/en\/wp-json\/wp\/v2\/types\/page"}],"author":[{"embeddable":true,"href":"https:\/\/www.siapro.eu\/en\/wp-json\/wp\/v2\/users\/1"}],"replies":[{"embeddable":true,"href":"https:\/\/www.siapro.eu\/en\/wp-json\/wp\/v2\/comments?post=1151"}],"version-history":[{"count":4,"href":"https:\/\/www.siapro.eu\/en\/wp-json\/wp\/v2\/pages\/1151\/revisions"}],"predecessor-version":[{"id":1742,"href":"https:\/\/www.siapro.eu\/en\/wp-json\/wp\/v2\/pages\/1151\/revisions\/1742"}],"up":[{"embeddable":true,"href":"https:\/\/www.siapro.eu\/en\/wp-json\/wp\/v2\/pages\/227"}],"wp:attachment":[{"href":"https:\/\/www.siapro.eu\/en\/wp-json\/wp\/v2\/media?parent=1151"}],"curies":[{"name":"wp","href":"https:\/\/api.w.org\/{rel}","templated":true}]}}