{"id":1152,"date":"2025-12-04T21:57:00","date_gmt":"2025-12-04T20:57:00","guid":{"rendered":"https:\/\/www.siapro.eu\/?page_id=1152"},"modified":"2025-12-15T12:47:15","modified_gmt":"2025-12-15T11:47:15","slug":"shot-peening-machines","status":"publish","type":"page","link":"https:\/\/www.siapro.eu\/en\/peskalni-stroji\/mikrokovanje-povrsinsko-utrjevanje\/","title":{"rendered":"Shot peening machines"},"content":{"rendered":"<section class=\"bde-section-1152-316 bde-section\">\n              \n  \n  \n\t\n\n\n\n<div class=\"section-container\"><h1 class=\"bde-heading-1152-102 bde-heading\">\nShot peening machines \u2013 surface strengthening of metal components\n<\/h1><div class=\"bde-text-1152-320 bde-text\">\nAdvanced shot peening systems for improving fatigue strength, wear resistance and service life of metal parts.\n<\/div><\/div>\n<\/section><section id=\"podjetja\" class=\"bde-section-1152-399 bde-section\">\n  \n  \n\t\n\n\n\n<div class=\"section-container\"><h2 class=\"bde-heading-1152-400 bde-heading heading-with-bar\">\nShot peening \u2013 increase durability, strength and resistance of metals\n<\/h2><\/div>\n<\/section><section class=\"bde-section-1152-332 bde-section\">\n  \n  \n\t\n\n\n\n<div class=\"section-container\"><div class=\"bde-columns-1152-408 bde-columns\"><div class=\"bde-column-1152-409 bde-column\">\n  \n  \n\t\n\n\n\n<div class=\"bde-rich-text-1152-412 bde-rich-text breakdance-rich-text-styles\">\n<p>Shot peening is a precise surface treatment process that significantly improves:<\/p>\n<ul>\n<li data-start=\"820\" data-end=\"853\">material fatigue strength,<\/li>\n<li data-start=\"856\" data-end=\"881\">wear resistance,<\/li>\n<li data-start=\"884\" data-end=\"925\">durability and reliability of components,<\/li>\n<li data-start=\"928\" data-end=\"961\">service life of critical parts.<\/li>\n<\/ul>\n<p data-start=\"963\" data-end=\"1136\" class=\"translation-block\">By generating compressive residual stresses, shot peening prevents crack initiation and propagation and improves the mechanical properties of the metal.\n\nThe process is essential in:<\/p>\n<ul>\n<li data-start=\"1140\" data-end=\"1162\">aerospace industry,<\/li>\n<li data-start=\"1165\" data-end=\"1191\">automotive industry,<\/li>\n<li data-start=\"1194\" data-end=\"1208\">manufacturing,<\/li>\n<li data-start=\"1211\" data-end=\"1232\">heavy machinery,<\/li>\n<li data-start=\"1235\" data-end=\"1275\">defence and high-energy industries.<\/li>\n<\/ul>\n<\/div>\n<\/div><div class=\"bde-column-1152-410 bde-column\">\n  \n  \n\t\n\n\n\n<img decoding=\"async\" class=\"bde-image2-1152-411 bde-image2\" src=\"https:\/\/www.siapro.eu\/wp-content\/uploads\/2025\/11\/PELTON_TPV788.jpg\" loading=\"lazy\" srcset=\"https:\/\/www.siapro.eu\/wp-content\/uploads\/2025\/11\/PELTON_TPV788.jpg 540w, https:\/\/www.siapro.eu\/wp-content\/uploads\/2025\/11\/PELTON_TPV788-300x228.jpg 300w, https:\/\/www.siapro.eu\/wp-content\/uploads\/2025\/11\/PELTON_TPV788-16x12.jpg 16w\" sizes=\"(max-width: 540px) 100vw, 540px\">\n<\/div><\/div><\/div>\n<\/section><section id=\"podjetja\" class=\"bde-section-1152-413 bde-section\">\n              \n  \n  \n\t\n\n  <div class=\"section-background-overlay\"><\/div>\n\n\n<div class=\"section-container\"><h2 class=\"bde-heading-1152-414 bde-heading heading-with-bar\">\nHigh-energy Siapro systems for superior shot peening results\n<\/h2><\/div>\n<\/section><section class=\"bde-section-1152-385 bde-section\">\n              \n  \n  \n\t\n\n  <div class=\"section-background-overlay\"><\/div>\n\n\n<div class=\"section-container\"><div class=\"bde-columns-1152-387 bde-columns\"><div class=\"bde-column-1152-388 bde-column\">\n  \n  \n\t\n\n\n\n<div class=\"bde-rich-text-1152-514 bde-rich-text breakdance-rich-text-styles\">\n<p><strong>Addressing wear and high-impact challenges<\/strong><\/p>\n<p>Shot peening is performed at extremely high velocities and loads, which exposes machines to:<\/p>\n<ul>\n<li>intensive impact of abrasive media,<\/li>\n<li>accelerated wear of components,<\/li>\n<li>increased energy demands,<\/li>\n<li>high mechanical stresses.<\/li>\n<\/ul>\n<p>Conventional shotblasting systems often cannot withstand these conditions, leading to:<\/p>\n<ul>\n<li>short maintenance intervals,<\/li>\n<li>high spare part costs,<\/li>\n<li>extended production downtime.<\/li>\n<\/ul>\n<p><strong>Why choose Siapro shot peening systems?<\/strong><\/p>\n<p>Siapro shot peening machines are designed for:<\/p>\n<ul>\n<li class=\"translation-block\">exceptional durability under extreme operating conditions,<\/li>\n<li class=\"translation-block\">reduced wear of critical components,<\/li>\n<li><strong>extended maintenance intervals,<\/strong>,<\/li>\n<li><strong>lower energy consumption,<\/strong>,<\/li>\n<li><strong>maximum process repeatability.<\/strong>.<\/li>\n<\/ul>\n<p>Our systems include:<\/p>\n<ul>\n<li class=\"translation-block\">high-efficiency E-ECO shotblasting turbines optimised for shot peening,<\/li>\n<li>precise control of impact energy and particle velocity,<\/li>\n<li class=\"translation-block\">automated monitoring processes (CPMT),<\/li>\n<li>uniform abrasive distribution for consistent surface quality.<\/li>\n<\/ul>\n<p>The result is:<\/p>\n<ul>\n<li>a stable shot peening process,<\/li>\n<li>higher surface treatment quality,<\/li>\n<li>optimised operating costs,<\/li>\n<li>significantly extended service life of both equipment and treated components.<\/li>\n<\/ul>\n<\/div>\n<\/div><div class=\"bde-column-1152-390 bde-column\">\n  \n  \n\t\n\n\n\n<img decoding=\"async\" class=\"bde-image2-1152-416 bde-image2\" src=\"https:\/\/www.siapro.eu\/wp-content\/uploads\/2025\/12\/siapro-5.jpg\" loading=\"lazy\" srcset=\"https:\/\/www.siapro.eu\/wp-content\/uploads\/2025\/12\/siapro-5.jpg 900w, https:\/\/www.siapro.eu\/wp-content\/uploads\/2025\/12\/siapro-5-300x225.jpg 300w, https:\/\/www.siapro.eu\/wp-content\/uploads\/2025\/12\/siapro-5-768x576.jpg 768w, https:\/\/www.siapro.eu\/wp-content\/uploads\/2025\/12\/siapro-5-16x12.jpg 16w\" sizes=\"(max-width: 900px) 100vw, 900px\"><div class=\"bde-video-1152-452 bde-video\">\n<div class=\"ee-video-container\">\n                                                                        \n                <lite-youtube\n                        videoid=\"ebynv8-PKv8\"\n                                                style=\"background-image: url(https:\/\/i.ytimg.com\/vi\/ebynv8-PKv8\/maxresdefault.jpg); \"\n                        class=\"ee-video\"\n                        title=\"\"\n                        params=\"&playsinline=0&rel=0&enablejsapi=1\"\n                >\n                <\/lite-youtube>\n                    \n        \n            \n    <\/div>\n\n<\/div><div class=\"bde-text-1152-456 bde-text\">\nShot peening\n<\/div>\n<\/div><\/div><\/div>\n<\/section><section id=\"podjetja\" class=\"bde-section-1152-440 bde-section\">\n              \n  \n  \n\t\n\n  <div class=\"section-background-overlay\"><\/div>\n\n\n<div class=\"section-container\"><h2 class=\"bde-heading-1152-441 bde-heading heading-with-bar\">\nREFERENCES\n<\/h2><div class=\"bde-grid-1152-442 bde-grid\">\n  \n  \n\t\n\n\n\n<div class=\"bde-div-1152-443 bde-div\">\n  \n  \n\t\n\n\n\n<h3 class=\"bde-heading-1152-444 bde-heading\">\nPhotos\n<\/h3><div class=\"bde-gallery-1152-450 bde-gallery\">\n\n\n  \n\n\n\n\n\n\n\n\n\n\n<div class=\"ee-gallery ee-gallery--default ee-gallery--grid ee-gallery--single ee-gallery--lightbox ee-gallery-- ee-gallery--caption- ee-gallery--caption-none ee-gallery--ratio\">\n                  \n      <a class=\"ee-gallery-item ee-gallery-item--image ee-gallery-item--single\" href=\"https:\/\/www.siapro.eu\/wp-content\/uploads\/2025\/12\/peskanje-2.jpg\"  data-sub-html=\"<span><\/span>\" data-category=\"1\"                  data-lg-size=\"600-450\"\n\n      >\n        <figure class=\"ee-gallery-item-figure\">\n                        <img decoding=\"async\" class=\"breakdance-image-object\" src=\"https:\/\/www.siapro.eu\/wp-content\/uploads\/2025\/12\/peskanje-2.jpg\" width=\"600\" height=\"450\" srcset=\"https:\/\/www.siapro.eu\/wp-content\/uploads\/2025\/12\/peskanje-2.jpg 600w, https:\/\/www.siapro.eu\/wp-content\/uploads\/2025\/12\/peskanje-2-300x225.jpg 300w, https:\/\/www.siapro.eu\/wp-content\/uploads\/2025\/12\/peskanje-2-16x12.jpg 16w\" sizes=\"auto, (max-width: 600px) 100vw, 600px\" loading=\"lazy\">\n          \n                  <\/figure>\n      <\/a>\n\n                \n      <a class=\"ee-gallery-item ee-gallery-item--image ee-gallery-item--single\" href=\"https:\/\/www.siapro.eu\/wp-content\/uploads\/2025\/12\/Peskanje_Siapro-3.jpg\"  data-sub-html=\"<span><\/span>\" data-category=\"1\"                  data-lg-size=\"600-450\"\n\n      >\n        <figure class=\"ee-gallery-item-figure\">\n                        <img decoding=\"async\" class=\"breakdance-image-object\" src=\"https:\/\/www.siapro.eu\/wp-content\/uploads\/2025\/12\/Peskanje_Siapro-3.jpg\" width=\"600\" height=\"450\" srcset=\"https:\/\/www.siapro.eu\/wp-content\/uploads\/2025\/12\/Peskanje_Siapro-3.jpg 600w, https:\/\/www.siapro.eu\/wp-content\/uploads\/2025\/12\/Peskanje_Siapro-3-300x225.jpg 300w, https:\/\/www.siapro.eu\/wp-content\/uploads\/2025\/12\/Peskanje_Siapro-3-16x12.jpg 16w\" sizes=\"auto, (max-width: 600px) 100vw, 600px\" loading=\"lazy\">\n          \n                  <\/figure>\n      <\/a>\n\n                \n      <a class=\"ee-gallery-item ee-gallery-item--image ee-gallery-item--single\" href=\"https:\/\/www.siapro.eu\/wp-content\/uploads\/2025\/12\/siapro-5.jpg\"  data-sub-html=\"<span><\/span>\" data-category=\"1\"                  data-lg-size=\"900-675\"\n\n      >\n        <figure class=\"ee-gallery-item-figure\">\n                        <img decoding=\"async\" class=\"breakdance-image-object\" src=\"https:\/\/www.siapro.eu\/wp-content\/uploads\/2025\/12\/siapro-5.jpg\" width=\"900\" height=\"675\" srcset=\"https:\/\/www.siapro.eu\/wp-content\/uploads\/2025\/12\/siapro-5.jpg 900w, https:\/\/www.siapro.eu\/wp-content\/uploads\/2025\/12\/siapro-5-300x225.jpg 300w, https:\/\/www.siapro.eu\/wp-content\/uploads\/2025\/12\/siapro-5-768x576.jpg 768w, https:\/\/www.siapro.eu\/wp-content\/uploads\/2025\/12\/siapro-5-16x12.jpg 16w\" sizes=\"auto, (max-width: 900px) 100vw, 900px\" loading=\"lazy\">\n          \n                  <\/figure>\n      <\/a>\n\n                \n      <a class=\"ee-gallery-item ee-gallery-item--image ee-gallery-item--single\" href=\"https:\/\/www.siapro.eu\/wp-content\/uploads\/2025\/12\/Siapro_shotblasting-4.jpg\"  data-sub-html=\"<span><\/span>\" data-category=\"1\"                  data-lg-size=\"600-450\"\n\n      >\n        <figure class=\"ee-gallery-item-figure\">\n                        <img decoding=\"async\" class=\"breakdance-image-object\" src=\"https:\/\/www.siapro.eu\/wp-content\/uploads\/2025\/12\/Siapro_shotblasting-4.jpg\" width=\"600\" height=\"450\" srcset=\"https:\/\/www.siapro.eu\/wp-content\/uploads\/2025\/12\/Siapro_shotblasting-4.jpg 600w, https:\/\/www.siapro.eu\/wp-content\/uploads\/2025\/12\/Siapro_shotblasting-4-300x225.jpg 300w, https:\/\/www.siapro.eu\/wp-content\/uploads\/2025\/12\/Siapro_shotblasting-4-16x12.jpg 16w\" sizes=\"auto, (max-width: 600px) 100vw, 600px\" loading=\"lazy\">\n          \n                  <\/figure>\n      <\/a>\n\n                \n      <a class=\"ee-gallery-item ee-gallery-item--image ee-gallery-item--single\" href=\"https:\/\/www.siapro.eu\/wp-content\/uploads\/2025\/12\/vzmeti.jpg\"  data-sub-html=\"<span><\/span>\" data-category=\"1\"                  data-lg-size=\"600-450\"\n\n      >\n        <figure class=\"ee-gallery-item-figure\">\n                        <img decoding=\"async\" class=\"breakdance-image-object\" src=\"https:\/\/www.siapro.eu\/wp-content\/uploads\/2025\/12\/vzmeti.jpg\" width=\"600\" height=\"450\" srcset=\"https:\/\/www.siapro.eu\/wp-content\/uploads\/2025\/12\/vzmeti.jpg 600w, https:\/\/www.siapro.eu\/wp-content\/uploads\/2025\/12\/vzmeti-300x225.jpg 300w, https:\/\/www.siapro.eu\/wp-content\/uploads\/2025\/12\/vzmeti-16x12.jpg 16w\" sizes=\"auto, (max-width: 600px) 100vw, 600px\" loading=\"lazy\">\n          \n                  <\/figure>\n      <\/a>\n\n                \n      <a class=\"ee-gallery-item ee-gallery-item--image ee-gallery-item--single\" href=\"https:\/\/www.siapro.eu\/wp-content\/uploads\/2025\/12\/vzmeti2.jpg\"  data-sub-html=\"<span><\/span>\" data-category=\"1\"                  data-lg-size=\"900-675\"\n\n      >\n        <figure class=\"ee-gallery-item-figure\">\n                        <img decoding=\"async\" class=\"breakdance-image-object\" src=\"https:\/\/www.siapro.eu\/wp-content\/uploads\/2025\/12\/vzmeti2.jpg\" width=\"900\" height=\"675\" srcset=\"https:\/\/www.siapro.eu\/wp-content\/uploads\/2025\/12\/vzmeti2.jpg 900w, https:\/\/www.siapro.eu\/wp-content\/uploads\/2025\/12\/vzmeti2-300x225.jpg 300w, https:\/\/www.siapro.eu\/wp-content\/uploads\/2025\/12\/vzmeti2-768x576.jpg 768w, https:\/\/www.siapro.eu\/wp-content\/uploads\/2025\/12\/vzmeti2-16x12.jpg 16w\" sizes=\"auto, (max-width: 900px) 100vw, 900px\" loading=\"lazy\">\n          \n                  <\/figure>\n      <\/a>\n\n      \n  <\/div>\n\n\n\n<\/div>\n<\/div><div class=\"bde-div-1152-446 bde-div\">\n  \n  \n\t\n\n\n\n<h3 class=\"bde-heading-1152-447 bde-heading\">\nVideo\n<\/h3><div class=\"bde-video-1152-481 bde-video\">\n<div class=\"ee-video-container\">\n                                                                            \n                                \n                <iframe\n                        class=\"ee-video lozad\"\n                title=\"\"\n                                data-src=\"https:\/\/www.youtube.com\/embed\/zcs4LxKXDaY?feature=oembed&playsinline=0&rel=0&enablejsapi=1\"\n                frameborder=\"0\"\n                allow=\"accelerometer; autoplay; clipboard-write; encrypted-media; gyroscope; picture-in-picture\"\n                allowfullscreen>\n                <\/iframe>\n                    \n        \n            \n    <\/div>\n\n<\/div><div class=\"bde-text-1152-493 bde-text\">\nShot peening\n<\/div>\n<\/div>\n<\/div><div class=\"bde-text-1152-449 bde-text\">\nWe reserve all rights to the content and photographs on this website. Any use of the content, in whole or in part, is prohibited without prior written consent from Siapro. All photos \u00a9Siapro.\n<\/div><\/div>\n<\/section><section class=\"bde-section-1152-494 bde-section\">\n  \n  \n\t\n\n\n\n        <div class=\"section-shape-divider-wrapper section-shape-divider-wrapper--1\">\n          <span class=\"section-shape-divider\">\n                      <svg\n                xmlns=\"http:\/\/www.w3.org\/2000\/svg\"\n                viewbox=\"0 0 1440 320\"\n                preserveaspectratio=\"none\"\n            >\n              <path fill=\"currentColor\" fill-opacity=\"1\" d=\"M0,32L40,64C80,96,160,160,240,181.3C320,203,400,181,480,197.3C560,213,640,267,720,261.3C800,256,880,192,960,154.7C1040,117,1120,107,1200,85.3C1280,64,1360,32,1400,16L1440,0L1440,320L1400,320C1360,320,1280,320,1200,320C1120,320,1040,320,960,320C880,320,800,320,720,320C640,320,560,320,480,320C400,320,320,320,240,320C160,320,80,320,40,320L0,320Z\"><\/path>\n            <\/svg>\n                    <\/span>\n      <\/div>\n        <div class=\"section-shape-divider-wrapper section-shape-divider-wrapper--2\">\n          <span class=\"section-shape-divider\">\n                      <svg\n                xmlns=\"http:\/\/www.w3.org\/2000\/svg\"\n                viewbox=\"0 0 1440 320\"\n                preserveaspectratio=\"none\"\n            >\n              <path fill=\"currentColor\" fill-opacity=\"1\" d=\"M0,32L40,64C80,96,160,160,240,181.3C320,203,400,181,480,197.3C560,213,640,267,720,261.3C800,256,880,192,960,154.7C1040,117,1120,107,1200,85.3C1280,64,1360,32,1400,16L1440,0L1440,320L1400,320C1360,320,1280,320,1200,320C1120,320,1040,320,960,320C880,320,800,320,720,320C640,320,560,320,480,320C400,320,320,320,240,320C160,320,80,320,40,320L0,320Z\"><\/path>\n            <\/svg>\n                    <\/span>\n      <\/div>\n  <div class=\"section-container\"><div class=\"bde-div-1152-495 bde-div\" data-entrance=\"slideUp\">\n  \n  \n\t\n\n\n\n<div class=\"bde-div-1152-496 bde-div\">\n  \n  \n\t\n\n\n\n<h2 class=\"bde-heading-1152-497 bde-heading\">\nGet in touch with us for professional advice.\n<\/h2><div class=\"bde-text-1152-498 bde-text\">\nContact Siapro today and receive a customised shot peening solution designed for your applications and load conditions.\n<\/div><div class=\"bde-button-1152-499 bde-button\">\n    \n                        \n                        \n    \n    \n    \n    \n            \n                    \n            \n            \n\n    \n    \n    \n    \n    \n    <a class=\"breakdance-link button-atom button-atom--custom bde-button__button\" href=\"https:\/\/www.siapro.eu\/en\/contact\/\" target=\"_self\" data-type=\"url\"  >\n\n    \n        <span class=\"button-atom__text\">CONTACT US<\/span>\n\n        \n        \n                <\/a>\n\n    \n\n\n<\/div>\n<\/div>\n<\/div><\/div>\n<\/section>","protected":false},"excerpt":{"rendered":"<p>Stroji za mikrokovanje \u2013 povr\u0161insko utrjevanje kovinskih komponent Napredni sistemi za mikrokovanje za izbolj\u0161anje utrujenostne trdnosti, obrabne odpornosti in \u017eivljenjske dobe kovinskih delov. Mikrokovanje \u2013 pove\u010dajte vzdr\u017eljivost, trdnost in odpornost kovin Mikrokovanje (shot peening) je natan\u010den postopek povr\u0161inske obdelave, ki bistveno izbolj\u0161a: utrujenostno trdnost materiala, odpornost proti obrabi, vzdr\u017eljivost in zanesljivost komponent, \u017eivljenjsko dobo kriti\u010dnih [&hellip;]<\/p>\n","protected":false},"author":1,"featured_media":0,"parent":227,"menu_order":0,"comment_status":"closed","ping_status":"closed","template":"","meta":{"_breakdance_hide_in_design_set":false,"_breakdance_tags":"","footnotes":""},"class_list":["post-1152","page","type-page","status-publish","hentry"],"_links":{"self":[{"href":"https:\/\/www.siapro.eu\/en\/wp-json\/wp\/v2\/pages\/1152","targetHints":{"allow":["GET"]}}],"collection":[{"href":"https:\/\/www.siapro.eu\/en\/wp-json\/wp\/v2\/pages"}],"about":[{"href":"https:\/\/www.siapro.eu\/en\/wp-json\/wp\/v2\/types\/page"}],"author":[{"embeddable":true,"href":"https:\/\/www.siapro.eu\/en\/wp-json\/wp\/v2\/users\/1"}],"replies":[{"embeddable":true,"href":"https:\/\/www.siapro.eu\/en\/wp-json\/wp\/v2\/comments?post=1152"}],"version-history":[{"count":6,"href":"https:\/\/www.siapro.eu\/en\/wp-json\/wp\/v2\/pages\/1152\/revisions"}],"predecessor-version":[{"id":2538,"href":"https:\/\/www.siapro.eu\/en\/wp-json\/wp\/v2\/pages\/1152\/revisions\/2538"}],"up":[{"embeddable":true,"href":"https:\/\/www.siapro.eu\/en\/wp-json\/wp\/v2\/pages\/227"}],"wp:attachment":[{"href":"https:\/\/www.siapro.eu\/en\/wp-json\/wp\/v2\/media?parent=1152"}],"curies":[{"name":"wp","href":"https:\/\/api.w.org\/{rel}","templated":true}]}}