{"id":1182,"date":"2025-12-04T22:09:21","date_gmt":"2025-12-04T21:09:21","guid":{"rendered":"https:\/\/www.siapro.eu\/?page_id=1182"},"modified":"2025-12-07T23:05:40","modified_gmt":"2025-12-07T22:05:40","slug":"industrial-chrushers","status":"publish","type":"page","link":"https:\/\/www.siapro.eu\/en\/livarska-oprema\/drobilci\/","title":{"rendered":"Crushers for the foundry industry"},"content":{"rendered":"<section class=\"bde-section-1182-316 bde-section\">\n              \n  \n  \n\t\n\n\n\n<div class=\"section-container\"><h1 class=\"bde-heading-1182-102 bde-heading\">\nCrushers for the foundry industry\n<\/h1><div class=\"bde-text-1182-320 bde-text\">\nHigh-performance crushers for aluminium and iron foundry systems \u2013 efficient crushing, lower costs and higher productivity.\n<\/div><\/div>\n<\/section><section id=\"podjetja\" class=\"bde-section-1182-399 bde-section\">\n  \n  \n\t\n\n\n\n<div class=\"section-container\"><h2 class=\"bde-heading-1182-400 bde-heading heading-with-bar\">\nIndustrial crushers for aluminium and iron castings\n<\/h2><\/div>\n<\/section><section class=\"bde-section-1182-332 bde-section\">\n  \n  \n\t\n\n\n\n<div class=\"section-container\"><div class=\"bde-columns-1182-408 bde-columns\"><div class=\"bde-column-1182-409 bde-column\">\n  \n  \n\t\n\n\n\n<div class=\"bde-rich-text-1182-412 bde-rich-text breakdance-rich-text-styles\">\n<p>Siapro offers professional crushers for crushing:<\/p>\n<ul>\n<li data-start=\"553\" data-end=\"589\">aluminium castings and gating systems,<\/li>\n<li data-start=\"592\" data-end=\"610\">iron castings,<\/li>\n<li data-start=\"613\" data-end=\"661\">foundry scrap and bulky gating systems.<\/li>\n<\/ul>\n<p data-start=\"663\" data-end=\"737\" class=\"translation-block\">The core model, Runner Breaker, is a proven and reliable solution with:<\/p>\n<ul>\n<li data-start=\"741\" data-end=\"774\" class=\"translation-block\">more than 15 years of operational history,<\/li>\n<li data-start=\"777\" data-end=\"815\"><strong data-start=\"777\" data-end=\"812\">150 units in operation worldwide,<\/strong>,<\/li>\n<li data-start=\"818\" data-end=\"858\">a high level of user satisfaction.<\/li>\n<\/ul>\n<p data-start=\"860\" data-end=\"952\">The crusher transforms massive casting systems into smaller, transportable pieces, enabling:<\/p>\n<ul>\n<li data-start=\"956\" data-end=\"984\">easier handling,<\/li>\n<li data-start=\"987\" data-end=\"1028\">faster and safer charging into melting furnaces,<\/li>\n<li data-start=\"1031\" data-end=\"1072\">overall improvement of the foundry process.<\/li>\n<\/ul>\n<p data-start=\"1074\" data-end=\"1303\" class=\"translation-block\">The machine is controlled by a PLC system, allowing adjustment of the jaw opening according to the desired output size. The construction withstands temperatures up to 370 \u00b0C, and the crusher teeth are replaceable, reducing maintenance costs.<\/p>\n<\/div>\n<\/div><div class=\"bde-column-1182-410 bde-column\">\n  \n  \n\t\n\n\n\n<img decoding=\"async\" class=\"bde-image2-1182-411 bde-image2\" src=\"https:\/\/www.siapro.eu\/wp-content\/uploads\/2025\/12\/vhod_v_drobilec-1.jpg\" loading=\"lazy\" srcset=\"https:\/\/www.siapro.eu\/wp-content\/uploads\/2025\/12\/vhod_v_drobilec-1.jpg 897w, https:\/\/www.siapro.eu\/wp-content\/uploads\/2025\/12\/vhod_v_drobilec-1-300x225.jpg 300w, https:\/\/www.siapro.eu\/wp-content\/uploads\/2025\/12\/vhod_v_drobilec-1-768x575.jpg 768w, https:\/\/www.siapro.eu\/wp-content\/uploads\/2025\/12\/vhod_v_drobilec-1-16x12.jpg 16w\" sizes=\"(max-width: 897px) 100vw, 897px\">\n<\/div><\/div><\/div>\n<\/section><section id=\"podjetja\" class=\"bde-section-1182-413 bde-section\">\n              \n  \n  \n\t\n\n  <div class=\"section-background-overlay\"><\/div>\n\n\n<div class=\"section-container\"><h2 class=\"bde-heading-1182-414 bde-heading heading-with-bar\">\nAdvantages of the Runner Breaker crusher\n<\/h2><\/div>\n<\/section><section class=\"bde-section-1182-385 bde-section\">\n              \n  \n  \n\t\n\n  <div class=\"section-background-overlay\"><\/div>\n\n\n<div class=\"section-container\"><div class=\"bde-columns-1182-387 bde-columns\"><div class=\"bde-column-1182-388 bde-column\">\n  \n  \n\t\n\n\n\n<div class=\"bde-rich-text-1182-514 bde-rich-text breakdance-rich-text-styles\">\n<p>The use of the crusher provides numerous operational and economic benefits:<\/p>\n<ul>\n<li data-start=\"1427\" data-end=\"1524\" class=\"translation-block\"><strong data-start=\"1427\" data-end=\"1468\">Increased density of return material<\/strong><br data-start=\"1468\" data-end=\"1471\">\u2192 better furnace utilization, reduced material volume.<\/li>\n<li data-start=\"1528\" data-end=\"1621\" class=\"translation-block\"><strong data-start=\"1528\" data-end=\"1564\">Higher melting furnace efficiency<\/strong><br data-start=\"1564\" data-end=\"1567\">\u2192 faster melting and more uniform material charging.<\/li>\n<li data-start=\"1625\" data-end=\"1716\" class=\"translation-block\"><strong data-start=\"1625\" data-end=\"1668\">Separation of castings from foundry sand<\/strong><br data-start=\"1668\" data-end=\"1671\">\u2192  cleaner material, reduced secondary processing.<\/li>\n<li data-start=\"1720\" data-end=\"1801\" class=\"translation-block\"><strong data-start=\"1720\" data-end=\"1761\">Simplified transport and charging<\/strong><br data-start=\"1761\" data-end=\"1764\">\u2192 less manual handling and increased safety.<\/li>\n<li data-start=\"1805\" data-end=\"1893\"><strong data-start=\"1805\" data-end=\"1849\">Easy integration into existing lines<\/strong><br data-start=\"1849\" data-end=\"1852\" \/>\u2192 suitable for small and large foundries.<\/li>\n<li data-start=\"1897\" data-end=\"1976\" class=\"translation-block\"><strong data-start=\"1897\" data-end=\"1918\">Reduced furnace damage<\/strong><br data-start=\"1918\" data-end=\"1921\">\u2192 crushed material causes less impact on furnace linings.<\/li>\n<\/ul>\n<p data-start=\"1978\" data-end=\"2079\">Runner Breaker is therefore one of the most effective solutions for optimizing return material handling in foundries.<\/p>\n<\/div>\n<\/div><div class=\"bde-column-1182-390 bde-column\">\n  \n  \n\t\n\n\n\n<img decoding=\"async\" class=\"bde-image2-1182-416 bde-image2\" src=\"https:\/\/www.siapro.eu\/wp-content\/uploads\/2025\/12\/SDC12085.jpg\" loading=\"lazy\" srcset=\"https:\/\/www.siapro.eu\/wp-content\/uploads\/2025\/12\/SDC12085.jpg 900w, https:\/\/www.siapro.eu\/wp-content\/uploads\/2025\/12\/SDC12085-300x225.jpg 300w, https:\/\/www.siapro.eu\/wp-content\/uploads\/2025\/12\/SDC12085-768x577.jpg 768w, https:\/\/www.siapro.eu\/wp-content\/uploads\/2025\/12\/SDC12085-16x12.jpg 16w\" sizes=\"(max-width: 900px) 100vw, 900px\">\n<\/div><\/div><\/div>\n<\/section><section id=\"podjetja\" class=\"bde-section-1182-500 bde-section\">\n  \n  \n\t\n\n\n\n<div class=\"section-container\"><h2 class=\"bde-heading-1182-501 bde-heading heading-with-bar\">\nBROCHURES AND QUESTIONNAIRE\n<\/h2><div class=\"bde-grid-1182-502 bde-grid\">\n  \n  \n\t\n\n\n\n<div class=\"bde-div-1182-503 bde-div\">\n  \n  \n\t\n\n\n\n<h3 class=\"bde-heading-1182-504 bde-heading\">\nBrochures\n<\/h3><div class=\"bde-icon-list-1182-505 bde-icon-list\">\n<ul>\n  \n              \n    <li>\n              <div class='bde-icon-list__item-wrapper'>\n      \n      <span class='bde-icon-list__icon'>\n        <svg xmlns=\"http:\/\/www.w3.org\/2000\/svg\" viewbox=\"0 0 512 512\"><!--! Font Awesome Free 6.5.1 by @fontawesome - https:\/\/fontawesome.com License - https:\/\/fontawesome.com\/license\/free (Icons: CC BY 4.0, Fonts: SIL OFL 1.1, Code: MIT License) Copyright 2023 Fonticons, Inc. --><path d=\"M64 464l48 0 0 48-48 0c-35.3 0-64-28.7-64-64L0 64C0 28.7 28.7 0 64 0L229.5 0c17 0 33.3 6.7 45.3 18.7l90.5 90.5c12 12 18.7 28.3 18.7 45.3L384 304l-48 0 0-144-80 0c-17.7 0-32-14.3-32-32l0-80L64 48c-8.8 0-16 7.2-16 16l0 384c0 8.8 7.2 16 16 16zM176 352l32 0c30.9 0 56 25.1 56 56s-25.1 56-56 56l-16 0 0 32c0 8.8-7.2 16-16 16s-16-7.2-16-16l0-48 0-80c0-8.8 7.2-16 16-16zm32 80c13.3 0 24-10.7 24-24s-10.7-24-24-24l-16 0 0 48 16 0zm96-80l32 0c26.5 0 48 21.5 48 48l0 64c0 26.5-21.5 48-48 48l-32 0c-8.8 0-16-7.2-16-16l0-128c0-8.8 7.2-16 16-16zm32 128c8.8 0 16-7.2 16-16l0-64c0-8.8-7.2-16-16-16l-16 0 0 96 16 0zm80-112c0-8.8 7.2-16 16-16l48 0c8.8 0 16 7.2 16 16s-7.2 16-16 16l-32 0 0 32 32 0c8.8 0 16 7.2 16 16s-7.2 16-16 16l-32 0 0 48c0 8.8-7.2 16-16 16s-16-7.2-16-16l0-64 0-64z\"\/><\/svg>\n      <\/span>\n      <span class='bde-icon-list__text' >\n      Feedback shredder (.pdf 834KB) - no PDF\n      <\/span>\n              <\/div>\n      \n    <\/li>\n\n  <\/ul>\n\n<\/div>\n<\/div>\n<\/div><\/div>\n<\/section><section id=\"podjetja\" class=\"bde-section-1182-440 bde-section\">\n              \n  \n  \n\t\n\n  <div class=\"section-background-overlay\"><\/div>\n\n\n<div class=\"section-container\"><h2 class=\"bde-heading-1182-441 bde-heading heading-with-bar\">\nREFERENCES\n<\/h2><div class=\"bde-grid-1182-442 bde-grid\">\n  \n  \n\t\n\n\n\n<div class=\"bde-div-1182-443 bde-div\">\n  \n  \n\t\n\n\n\n<h3 class=\"bde-heading-1182-444 bde-heading\">\nPhotos\n<\/h3><div class=\"bde-gallery-1182-450 bde-gallery\">\n\n\n  \n\n\n\n\n\n\n\n\n\n\n<div class=\"ee-gallery ee-gallery--default ee-gallery--grid ee-gallery--single ee-gallery--lightbox ee-gallery-- ee-gallery--caption- ee-gallery--caption-none ee-gallery--ratio\">\n                  \n      <a class=\"ee-gallery-item ee-gallery-item--image ee-gallery-item--single\" href=\"https:\/\/www.siapro.eu\/wp-content\/uploads\/2025\/12\/Al_crushing_drobljenje1.jpg\"  data-sub-html=\"<span><\/span>\" data-category=\"1\"                  data-lg-size=\"448-336\"\n\n      >\n        <figure class=\"ee-gallery-item-figure\">\n                        <img decoding=\"async\" class=\"breakdance-image-object\" src=\"https:\/\/www.siapro.eu\/wp-content\/uploads\/2025\/12\/Al_crushing_drobljenje1.jpg\" width=\"448\" height=\"336\" srcset=\"https:\/\/www.siapro.eu\/wp-content\/uploads\/2025\/12\/Al_crushing_drobljenje1.jpg 448w, https:\/\/www.siapro.eu\/wp-content\/uploads\/2025\/12\/Al_crushing_drobljenje1-300x225.jpg 300w, https:\/\/www.siapro.eu\/wp-content\/uploads\/2025\/12\/Al_crushing_drobljenje1-16x12.jpg 16w\" sizes=\"auto, (max-width: 448px) 100vw, 448px\" loading=\"lazy\">\n          \n                  <\/figure>\n      <\/a>\n\n                \n      <a class=\"ee-gallery-item ee-gallery-item--image ee-gallery-item--single\" href=\"https:\/\/www.siapro.eu\/wp-content\/uploads\/2025\/12\/Al_crushing_drobljenje3.jpg\"  data-sub-html=\"<span><\/span>\" data-category=\"1\"                  data-lg-size=\"448-336\"\n\n      >\n        <figure class=\"ee-gallery-item-figure\">\n                        <img decoding=\"async\" class=\"breakdance-image-object\" src=\"https:\/\/www.siapro.eu\/wp-content\/uploads\/2025\/12\/Al_crushing_drobljenje3.jpg\" width=\"448\" height=\"336\" srcset=\"https:\/\/www.siapro.eu\/wp-content\/uploads\/2025\/12\/Al_crushing_drobljenje3.jpg 448w, https:\/\/www.siapro.eu\/wp-content\/uploads\/2025\/12\/Al_crushing_drobljenje3-300x225.jpg 300w, https:\/\/www.siapro.eu\/wp-content\/uploads\/2025\/12\/Al_crushing_drobljenje3-16x12.jpg 16w\" sizes=\"auto, (max-width: 448px) 100vw, 448px\" loading=\"lazy\">\n          \n                  <\/figure>\n      <\/a>\n\n                \n      <a class=\"ee-gallery-item ee-gallery-item--image ee-gallery-item--single\" href=\"https:\/\/www.siapro.eu\/wp-content\/uploads\/2025\/12\/Crusher_2.jpg\"  data-sub-html=\"<span><\/span>\" data-category=\"1\"                  data-lg-size=\"1026-770\"\n\n      >\n        <figure class=\"ee-gallery-item-figure\">\n                        <img decoding=\"async\" class=\"breakdance-image-object\" src=\"https:\/\/www.siapro.eu\/wp-content\/uploads\/2025\/12\/Crusher_2-1024x768.jpg\" width=\"1024\" height=\"768\" srcset=\"https:\/\/www.siapro.eu\/wp-content\/uploads\/2025\/12\/Crusher_2.jpg 1026w, https:\/\/www.siapro.eu\/wp-content\/uploads\/2025\/12\/Crusher_2-300x225.jpg 300w, https:\/\/www.siapro.eu\/wp-content\/uploads\/2025\/12\/Crusher_2-1024x768.jpg 1024w, https:\/\/www.siapro.eu\/wp-content\/uploads\/2025\/12\/Crusher_2-768x576.jpg 768w, https:\/\/www.siapro.eu\/wp-content\/uploads\/2025\/12\/Crusher_2-16x12.jpg 16w\" sizes=\"auto, (max-width: 1026px) 100vw, 1026px\" loading=\"lazy\">\n          \n                  <\/figure>\n      <\/a>\n\n                \n      <a class=\"ee-gallery-item ee-gallery-item--image ee-gallery-item--single\" href=\"https:\/\/www.siapro.eu\/wp-content\/uploads\/2025\/12\/crusher_foundry_4.thumb-350x263-1.png\"  data-sub-html=\"<span><\/span>\" data-category=\"1\"                  data-lg-size=\"350-263\"\n\n      >\n        <figure class=\"ee-gallery-item-figure\">\n                        <img decoding=\"async\" class=\"breakdance-image-object\" src=\"https:\/\/www.siapro.eu\/wp-content\/uploads\/2025\/12\/crusher_foundry_4.thumb-350x263-1.png\" width=\"350\" height=\"263\" srcset=\"https:\/\/www.siapro.eu\/wp-content\/uploads\/2025\/12\/crusher_foundry_4.thumb-350x263-1.png 350w, https:\/\/www.siapro.eu\/wp-content\/uploads\/2025\/12\/crusher_foundry_4.thumb-350x263-1-300x225.png 300w, https:\/\/www.siapro.eu\/wp-content\/uploads\/2025\/12\/crusher_foundry_4.thumb-350x263-1-16x12.png 16w\" sizes=\"auto, (max-width: 350px) 100vw, 350px\" loading=\"lazy\">\n          \n                  <\/figure>\n      <\/a>\n\n                \n      <a class=\"ee-gallery-item ee-gallery-item--image ee-gallery-item--single\" href=\"https:\/\/www.siapro.eu\/wp-content\/uploads\/2025\/12\/Drobilec_1.jpg\"  data-sub-html=\"<span><\/span>\" data-category=\"1\"                  data-lg-size=\"640-480\"\n\n      >\n        <figure class=\"ee-gallery-item-figure\">\n                        <img decoding=\"async\" class=\"breakdance-image-object\" src=\"https:\/\/www.siapro.eu\/wp-content\/uploads\/2025\/12\/Drobilec_1.jpg\" width=\"640\" height=\"480\" srcset=\"https:\/\/www.siapro.eu\/wp-content\/uploads\/2025\/12\/Drobilec_1.jpg 640w, https:\/\/www.siapro.eu\/wp-content\/uploads\/2025\/12\/Drobilec_1-300x225.jpg 300w, https:\/\/www.siapro.eu\/wp-content\/uploads\/2025\/12\/Drobilec_1-16x12.jpg 16w\" sizes=\"auto, (max-width: 640px) 100vw, 640px\" loading=\"lazy\">\n          \n                  <\/figure>\n      <\/a>\n\n                \n      <a class=\"ee-gallery-item ee-gallery-item--image ee-gallery-item--single\" href=\"https:\/\/www.siapro.eu\/wp-content\/uploads\/2025\/12\/SDC12085.jpg\"  data-sub-html=\"<span><\/span>\" data-category=\"1\"                  data-lg-size=\"900-676\"\n\n      >\n        <figure class=\"ee-gallery-item-figure\">\n                        <img decoding=\"async\" class=\"breakdance-image-object\" src=\"https:\/\/www.siapro.eu\/wp-content\/uploads\/2025\/12\/SDC12085.jpg\" width=\"900\" height=\"676\" srcset=\"https:\/\/www.siapro.eu\/wp-content\/uploads\/2025\/12\/SDC12085.jpg 900w, https:\/\/www.siapro.eu\/wp-content\/uploads\/2025\/12\/SDC12085-300x225.jpg 300w, https:\/\/www.siapro.eu\/wp-content\/uploads\/2025\/12\/SDC12085-768x577.jpg 768w, https:\/\/www.siapro.eu\/wp-content\/uploads\/2025\/12\/SDC12085-16x12.jpg 16w\" sizes=\"auto, (max-width: 900px) 100vw, 900px\" loading=\"lazy\">\n          \n                  <\/figure>\n      <\/a>\n\n                \n      <a class=\"ee-gallery-item ee-gallery-item--image ee-gallery-item--single\" href=\"https:\/\/www.siapro.eu\/wp-content\/uploads\/2025\/12\/vhod_v_drobilec-1.jpg\"  data-sub-html=\"<span><\/span>\" data-category=\"1\"                  data-lg-size=\"897-672\"\n\n      >\n        <figure class=\"ee-gallery-item-figure\">\n                        <img decoding=\"async\" class=\"breakdance-image-object\" src=\"https:\/\/www.siapro.eu\/wp-content\/uploads\/2025\/12\/vhod_v_drobilec-1.jpg\" width=\"897\" height=\"672\" srcset=\"https:\/\/www.siapro.eu\/wp-content\/uploads\/2025\/12\/vhod_v_drobilec-1.jpg 897w, https:\/\/www.siapro.eu\/wp-content\/uploads\/2025\/12\/vhod_v_drobilec-1-300x225.jpg 300w, https:\/\/www.siapro.eu\/wp-content\/uploads\/2025\/12\/vhod_v_drobilec-1-768x575.jpg 768w, https:\/\/www.siapro.eu\/wp-content\/uploads\/2025\/12\/vhod_v_drobilec-1-16x12.jpg 16w\" sizes=\"auto, (max-width: 897px) 100vw, 897px\" loading=\"lazy\">\n          \n                  <\/figure>\n      <\/a>\n\n      \n  <\/div>\n\n\n\n<\/div>\n<\/div>\n<\/div><div class=\"bde-text-1182-449 bde-text\">\nWe reserve all rights to the content and photographs on this website. Any use of the content, in whole or in part, is prohibited without prior written consent from Siapro. All photos \u00a9Siapro.\n<\/div><\/div>\n<\/section><section class=\"bde-section-1182-494 bde-section\">\n  \n  \n\t\n\n\n\n        <div class=\"section-shape-divider-wrapper section-shape-divider-wrapper--1\">\n          <span class=\"section-shape-divider\">\n                      <svg\n                xmlns=\"http:\/\/www.w3.org\/2000\/svg\"\n                viewbox=\"0 0 1440 320\"\n                preserveaspectratio=\"none\"\n            >\n              <path fill=\"currentColor\" fill-opacity=\"1\" d=\"M0,32L40,64C80,96,160,160,240,181.3C320,203,400,181,480,197.3C560,213,640,267,720,261.3C800,256,880,192,960,154.7C1040,117,1120,107,1200,85.3C1280,64,1360,32,1400,16L1440,0L1440,320L1400,320C1360,320,1280,320,1200,320C1120,320,1040,320,960,320C880,320,800,320,720,320C640,320,560,320,480,320C400,320,320,320,240,320C160,320,80,320,40,320L0,320Z\"><\/path>\n            <\/svg>\n                    <\/span>\n      <\/div>\n        <div class=\"section-shape-divider-wrapper section-shape-divider-wrapper--2\">\n          <span class=\"section-shape-divider\">\n                      <svg\n                xmlns=\"http:\/\/www.w3.org\/2000\/svg\"\n                viewbox=\"0 0 1440 320\"\n                preserveaspectratio=\"none\"\n            >\n              <path fill=\"currentColor\" fill-opacity=\"1\" d=\"M0,32L40,64C80,96,160,160,240,181.3C320,203,400,181,480,197.3C560,213,640,267,720,261.3C800,256,880,192,960,154.7C1040,117,1120,107,1200,85.3C1280,64,1360,32,1400,16L1440,0L1440,320L1400,320C1360,320,1280,320,1200,320C1120,320,1040,320,960,320C880,320,800,320,720,320C640,320,560,320,480,320C400,320,320,320,240,320C160,320,80,320,40,320L0,320Z\"><\/path>\n            <\/svg>\n                    <\/span>\n      <\/div>\n  <div class=\"section-container\"><div class=\"bde-div-1182-495 bde-div\" data-entrance=\"slideUp\">\n  \n  \n\t\n\n\n\n<div class=\"bde-div-1182-496 bde-div\">\n  \n  \n\t\n\n\n\n<h2 class=\"bde-heading-1182-497 bde-heading\">\nGet in touch with us for professional advice.\n<\/h2><div class=\"bde-text-1182-498 bde-text\">\nContact us for a crusher quotation or for expert consultation regarding integration into your foundry process.\n<\/div><div class=\"bde-button-1182-499 bde-button\">\n    \n                        \n                        \n    \n    \n    \n    \n            \n                    \n            \n            \n\n    \n    \n    \n    \n    \n    <a class=\"breakdance-link button-atom button-atom--custom bde-button__button\" href=\"https:\/\/www.siapro.eu\/en\/contact\/\" target=\"_self\" data-type=\"url\"  >\n\n    \n        <span class=\"button-atom__text\">CONTACT US<\/span>\n\n        \n        \n                <\/a>\n\n    \n\n\n<\/div>\n<\/div>\n<\/div><\/div>\n<\/section>","protected":false},"excerpt":{"rendered":"<p>Drobilci za livarsko industrijo Visokozmogljivi drobilci za aluminijaste in \u017eelezove livarske sisteme \u2013 u\u010dinkovito drobljenje, ni\u017eji stro\u0161ki in ve\u010dja produktivnost. Industrijski drobilci za aluminij in \u017eelezove litine Siapro ponuja profesionalne drobilce za drobljenje: aluminijastih ulitkov in sistemov, \u017eelezovih litin, livarskih odpadkov in nerodnih vlivnih sistemov. Osrednji model Runner Breaker je preizku\u0161ena in zanesljiva re\u0161itev, z: [&hellip;]<\/p>\n","protected":false},"author":1,"featured_media":0,"parent":1174,"menu_order":0,"comment_status":"closed","ping_status":"closed","template":"","meta":{"_breakdance_hide_in_design_set":false,"_breakdance_tags":"","footnotes":""},"class_list":["post-1182","page","type-page","status-publish","hentry"],"_links":{"self":[{"href":"https:\/\/www.siapro.eu\/en\/wp-json\/wp\/v2\/pages\/1182","targetHints":{"allow":["GET"]}}],"collection":[{"href":"https:\/\/www.siapro.eu\/en\/wp-json\/wp\/v2\/pages"}],"about":[{"href":"https:\/\/www.siapro.eu\/en\/wp-json\/wp\/v2\/types\/page"}],"author":[{"embeddable":true,"href":"https:\/\/www.siapro.eu\/en\/wp-json\/wp\/v2\/users\/1"}],"replies":[{"embeddable":true,"href":"https:\/\/www.siapro.eu\/en\/wp-json\/wp\/v2\/comments?post=1182"}],"version-history":[{"count":6,"href":"https:\/\/www.siapro.eu\/en\/wp-json\/wp\/v2\/pages\/1182\/revisions"}],"predecessor-version":[{"id":1815,"href":"https:\/\/www.siapro.eu\/en\/wp-json\/wp\/v2\/pages\/1182\/revisions\/1815"}],"up":[{"embeddable":true,"href":"https:\/\/www.siapro.eu\/en\/wp-json\/wp\/v2\/pages\/1174"}],"wp:attachment":[{"href":"https:\/\/www.siapro.eu\/en\/wp-json\/wp\/v2\/media?parent=1182"}],"curies":[{"name":"wp","href":"https:\/\/api.w.org\/{rel}","templated":true}]}}