{"id":1192,"date":"2025-12-04T22:21:21","date_gmt":"2025-12-04T21:21:21","guid":{"rendered":"https:\/\/www.siapro.eu\/?page_id=1192"},"modified":"2025-12-08T23:27:31","modified_gmt":"2025-12-08T22:27:31","slug":"slug-conveyors","status":"publish","type":"page","link":"https:\/\/www.siapro.eu\/en\/transportni-sistemi\/polzni-transporterji\/","title":{"rendered":"Screw conveyors"},"content":{"rendered":"<section class=\"bde-section-1192-316 bde-section\">\n              \n  \n  \n\t\n\n\n\n<div class=\"section-container\"><h1 class=\"bde-heading-1192-102 bde-heading\">\nScrew conveyors for bulk and non-sticky materials\n<\/h1><div class=\"bde-text-1192-320 bde-text\">\nCustom industrial screw conveyors \u2013 for reliable transport of bulk and non-sticky materials.\n<\/div><\/div>\n<\/section><section id=\"podjetja\" class=\"bde-section-1192-399 bde-section\">\n  \n  \n\t\n\n\n\n<div class=\"section-container\"><h2 class=\"bde-heading-1192-400 bde-heading heading-with-bar\">\nDesign and manufacturing of screw conveyors\n<\/h2><\/div>\n<\/section><section class=\"bde-section-1192-332 bde-section\">\n  \n  \n\t\n\n\n\n<div class=\"section-container\"><div class=\"bde-columns-1192-408 bde-columns\"><div class=\"bde-column-1192-409 bde-column\">\n  \n  \n\t\n\n\n\n<div class=\"bde-rich-text-1192-412 bde-rich-text breakdance-rich-text-styles\">\n<p class=\"translation-block\">At Siapro, we design, manufacture and install screw conveyors for all types of bulk and non-sticky materials. They are manufactured from stainless steel (inox), carbon steel, or a combination of both, depending on process requirements and material abrasiveness.<\/p>\n<p data-start=\"890\" data-end=\"931\">The conveyors are adapted to your system:<\/p>\n<ul>\n<li data-start=\"935\" data-end=\"965\">trough or tubular design,<\/li>\n<li data-start=\"968\" data-end=\"1001\">single-speed or multi-speed operation,<\/li>\n<li data-start=\"1004\" data-end=\"1036\">drives with or without gear reducers,<\/li>\n<li data-start=\"1039\" data-end=\"1089\">horizontal, inclined or vertical conveying.<\/li>\n<\/ul>\n<p data-start=\"1091\" data-end=\"1127\">The screw flight is manufactured in the following designs:<\/p>\n<ul>\n<li data-start=\"1131\" data-end=\"1142\">ribbon,<\/li>\n<li data-start=\"1145\" data-end=\"1157\">paddle,<\/li>\n<li data-start=\"1160\" data-end=\"1171\">toothed,<\/li>\n<\/ul>\n<p data-start=\"1173\" data-end=\"1312\" class=\"translation-block\">depending on the material and required capacity.\n\nUpon request, we perform calculation and dimensioning of the snail conveyor to ensure optimal material flow.<\/p>\n<\/div>\n<\/div><div class=\"bde-column-1192-410 bde-column\">\n  \n  \n\t\n\n\n\n<img decoding=\"async\" class=\"bde-image2-1192-411 bde-image2\" src=\"https:\/\/www.siapro.eu\/wp-content\/uploads\/2025\/12\/polzni_transporterji1.thumb-530x396-1.jpg\" loading=\"lazy\" srcset=\"https:\/\/www.siapro.eu\/wp-content\/uploads\/2025\/12\/polzni_transporterji1.thumb-530x396-1.jpg 530w, https:\/\/www.siapro.eu\/wp-content\/uploads\/2025\/12\/polzni_transporterji1.thumb-530x396-1-300x224.jpg 300w, https:\/\/www.siapro.eu\/wp-content\/uploads\/2025\/12\/polzni_transporterji1.thumb-530x396-1-16x12.jpg 16w\" sizes=\"(max-width: 530px) 100vw, 530px\">\n<\/div><\/div><\/div>\n<\/section><section id=\"podjetja\" class=\"bde-section-1192-413 bde-section\">\n              \n  \n  \n\t\n\n  <div class=\"section-background-overlay\"><\/div>\n\n\n<div class=\"section-container\"><h2 class=\"bde-heading-1192-414 bde-heading heading-with-bar\">\nAdvantages of Siapro screw conveyors\n<\/h2><\/div>\n<\/section><section class=\"bde-section-1192-385 bde-section\">\n              \n  \n  \n\t\n\n  <div class=\"section-background-overlay\"><\/div>\n\n\n<div class=\"section-container\"><div class=\"bde-columns-1192-387 bde-columns\"><div class=\"bde-column-1192-388 bde-column\">\n  \n  \n\t\n\n\n\n<div class=\"bde-rich-text-1192-514 bde-rich-text breakdance-rich-text-styles\">\n<p>Siapro screw conveyors are characterised by:<\/p>\n<ul>\n<li data-start=\"1409\" data-end=\"1446\">simple and robust construction,<\/li>\n<li data-start=\"1449\" data-end=\"1481\">high conveying capacity,<\/li>\n<li data-start=\"1484\" data-end=\"1533\">lightweight drive design with low energy consumption,<\/li>\n<li data-start=\"1536\" data-end=\"1561\">low maintenance requirements,<\/li>\n<li data-start=\"1564\" data-end=\"1605\">ability to convey material at virtually any angle.<\/li>\n<\/ul>\n<p data-start=\"1607\" data-end=\"1831\" class=\"translation-block\">Due to their reliability, they are suitable for industries such as:\nfoundries, recycling, biomass, agriculture, filtration systems, granulate production, and other sectors requiring efficient bulk material handling.<\/p>\n<\/div>\n<\/div><div class=\"bde-column-1192-390 bde-column\">\n  \n  \n\t\n\n\n\n<div class=\"bde-video-1192-452 bde-video\">\n<div class=\"ee-video-container\">\n                                                                        \n                <lite-youtube\n                        videoid=\"nzkjw4GOEtM\"\n                                                style=\"background-image: url(https:\/\/i.ytimg.com\/vi\/nzkjw4GOEtM\/maxresdefault.jpg); \"\n                        class=\"ee-video\"\n                        title=\"\"\n                        params=\"&playsinline=0&rel=0&enablejsapi=1\"\n                >\n                <\/lite-youtube>\n                    \n        \n            \n    <\/div>\n\n<\/div><div class=\"bde-text-1192-456 bde-text\">\nCrew system\n<\/div>\n<\/div><\/div><\/div>\n<\/section><section class=\"bde-section-1192-494 bde-section\">\n  \n  \n\t\n\n\n\n        <div class=\"section-shape-divider-wrapper section-shape-divider-wrapper--1\">\n          <span class=\"section-shape-divider\">\n                      <svg\n                xmlns=\"http:\/\/www.w3.org\/2000\/svg\"\n                viewbox=\"0 0 1440 320\"\n                preserveaspectratio=\"none\"\n            >\n              <path fill=\"currentColor\" fill-opacity=\"1\" d=\"M0,32L40,64C80,96,160,160,240,181.3C320,203,400,181,480,197.3C560,213,640,267,720,261.3C800,256,880,192,960,154.7C1040,117,1120,107,1200,85.3C1280,64,1360,32,1400,16L1440,0L1440,320L1400,320C1360,320,1280,320,1200,320C1120,320,1040,320,960,320C880,320,800,320,720,320C640,320,560,320,480,320C400,320,320,320,240,320C160,320,80,320,40,320L0,320Z\"><\/path>\n            <\/svg>\n                    <\/span>\n      <\/div>\n        <div class=\"section-shape-divider-wrapper section-shape-divider-wrapper--2\">\n          <span class=\"section-shape-divider\">\n                      <svg\n                xmlns=\"http:\/\/www.w3.org\/2000\/svg\"\n                viewbox=\"0 0 1440 320\"\n                preserveaspectratio=\"none\"\n            >\n              <path fill=\"currentColor\" fill-opacity=\"1\" d=\"M0,32L40,64C80,96,160,160,240,181.3C320,203,400,181,480,197.3C560,213,640,267,720,261.3C800,256,880,192,960,154.7C1040,117,1120,107,1200,85.3C1280,64,1360,32,1400,16L1440,0L1440,320L1400,320C1360,320,1280,320,1200,320C1120,320,1040,320,960,320C880,320,800,320,720,320C640,320,560,320,480,320C400,320,320,320,240,320C160,320,80,320,40,320L0,320Z\"><\/path>\n            <\/svg>\n                    <\/span>\n      <\/div>\n  <div class=\"section-container\"><div class=\"bde-div-1192-495 bde-div\" data-entrance=\"slideUp\">\n  \n  \n\t\n\n\n\n<div class=\"bde-div-1192-496 bde-div\">\n  \n  \n\t\n\n\n\n<h2 class=\"bde-heading-1192-497 bde-heading\">\nGet in touch with us for professional advice.\n<\/h2><div class=\"bde-text-1192-498 bde-text\">\nContact us for the design or quotation of a snail conveyor tailored to your capacity requirements and material type.\n<\/div><div class=\"bde-button-1192-499 bde-button\">\n    \n                        \n                        \n    \n    \n    \n    \n            \n                    \n            \n            \n\n    \n    \n    \n    \n    \n    <a class=\"breakdance-link button-atom button-atom--custom bde-button__button\" href=\"https:\/\/www.siapro.eu\/en\/contact\/\" target=\"_self\" data-type=\"url\"  >\n\n    \n        <span class=\"button-atom__text\">CONTACT US<\/span>\n\n        \n        \n                <\/a>\n\n    \n\n\n<\/div>\n<\/div>\n<\/div><\/div>\n<\/section>","protected":false},"excerpt":{"rendered":"<p>Pol\u017eni transporterji za sipke in nelepljive materiale Zanesljivi pol\u017eni transporterji po meri \u2013 za vse sipke, suhe in nelepljive materiale, s prilagodljivo izvedbo in enostavnim vzdr\u017eevanjem. Zasnova in izdelava pol\u017enih transporterjev V Siapro projektiramo, izdelujemo in montiramo pol\u017ene transporterje za vse vrste sipkih in nelepljivih materialov. Izdelamo jih iz inoxa, \u010drnega jekla ali kombinacije obeh, [&hellip;]<\/p>\n","protected":false},"author":1,"featured_media":0,"parent":1187,"menu_order":0,"comment_status":"closed","ping_status":"closed","template":"","meta":{"_breakdance_hide_in_design_set":false,"_breakdance_tags":"","footnotes":""},"class_list":["post-1192","page","type-page","status-publish","hentry"],"_links":{"self":[{"href":"https:\/\/www.siapro.eu\/en\/wp-json\/wp\/v2\/pages\/1192","targetHints":{"allow":["GET"]}}],"collection":[{"href":"https:\/\/www.siapro.eu\/en\/wp-json\/wp\/v2\/pages"}],"about":[{"href":"https:\/\/www.siapro.eu\/en\/wp-json\/wp\/v2\/types\/page"}],"author":[{"embeddable":true,"href":"https:\/\/www.siapro.eu\/en\/wp-json\/wp\/v2\/users\/1"}],"replies":[{"embeddable":true,"href":"https:\/\/www.siapro.eu\/en\/wp-json\/wp\/v2\/comments?post=1192"}],"version-history":[{"count":4,"href":"https:\/\/www.siapro.eu\/en\/wp-json\/wp\/v2\/pages\/1192\/revisions"}],"predecessor-version":[{"id":1883,"href":"https:\/\/www.siapro.eu\/en\/wp-json\/wp\/v2\/pages\/1192\/revisions\/1883"}],"up":[{"embeddable":true,"href":"https:\/\/www.siapro.eu\/en\/wp-json\/wp\/v2\/pages\/1187"}],"wp:attachment":[{"href":"https:\/\/www.siapro.eu\/en\/wp-json\/wp\/v2\/media?parent=1192"}],"curies":[{"name":"wp","href":"https:\/\/api.w.org\/{rel}","templated":true}]}}