{"id":1196,"date":"2025-12-04T22:22:15","date_gmt":"2025-12-04T21:22:15","guid":{"rendered":"https:\/\/www.siapro.eu\/?page_id=1196"},"modified":"2025-12-09T14:37:43","modified_gmt":"2025-12-09T13:37:43","slug":"vibratory-conveyors","status":"publish","type":"page","link":"https:\/\/www.siapro.eu\/en\/transportni-sistemi\/vibracijski-transporterji\/","title":{"rendered":"Vibratory conveyors"},"content":{"rendered":"<section class=\"bde-section-1196-316 bde-section\">\n              \n  \n  \n\t\n\n\n\n<div class=\"section-container\"><h1 class=\"bde-heading-1196-102 bde-heading\">\nVibratory conveyors\n<\/h1><div class=\"bde-text-1196-320 bde-text\">\nEfficient transport of bulk and unit materials using robust, custom-designed vibratory systems.\n<\/div><\/div>\n<\/section><section id=\"podjetja\" class=\"bde-section-1196-399 bde-section\">\n  \n  \n\t\n\n\n\n<div class=\"section-container\"><h2 class=\"bde-heading-1196-400 bde-heading heading-with-bar\">\nReliable construction and flexible configurations\n<\/h2><\/div>\n<\/section><section class=\"bde-section-1196-332 bde-section\">\n  \n  \n\t\n\n\n\n<div class=\"section-container\"><div class=\"bde-columns-1196-408 bde-columns\"><div class=\"bde-column-1196-409 bde-column\">\n  \n  \n\t\n\n\n\n<div class=\"bde-rich-text-1196-412 bde-rich-text breakdance-rich-text-styles\">\n<p class=\"translation-block\">Siapro vibratory conveyors are manufactured from steel plates and designed for long-term, stable and quiet operation. The conveying trough is mounted on the structure via springs, enabling uniform vibration and precise control of the conveying process.<\/p>\n<p data-start=\"659\" data-end=\"772\" class=\"translation-block\">The bottom of the trough can be lined with various wear-resistant materials, depending on the type of handled material:<\/p>\n<ul>\n<li data-start=\"776\" data-end=\"844\" class=\"translation-block\">HARDOX \u2013 for abrasive materials and high mechanical loads<\/li>\n<li data-start=\"847\" data-end=\"928\" class=\"translation-block\">Plastic \/ PE \u2013 for materials requiring lower wear and quieter operation<\/li>\n<li data-start=\"931\" data-end=\"982\" class=\"translation-block\">Rubber \u2013 for impact damping and noise reduction<\/li>\n<\/ul>\n<p data-start=\"984\" data-end=\"1102\" class=\"translation-block\">The conveyor structure is fully customized according to production requirements, material type and available space.<\/p>\n<\/div>\n<\/div><div class=\"bde-column-1196-410 bde-column\">\n  \n  \n\t\n\n\n\n<img decoding=\"async\" class=\"bde-image2-1196-411 bde-image2\" src=\"https:\/\/www.siapro.eu\/wp-content\/uploads\/2025\/12\/transporter_vibracijski_livarna-1.jpg\" loading=\"lazy\" srcset=\"https:\/\/www.siapro.eu\/wp-content\/uploads\/2025\/12\/transporter_vibracijski_livarna-1.jpg 640w, https:\/\/www.siapro.eu\/wp-content\/uploads\/2025\/12\/transporter_vibracijski_livarna-1-300x225.jpg 300w, https:\/\/www.siapro.eu\/wp-content\/uploads\/2025\/12\/transporter_vibracijski_livarna-1-16x12.jpg 16w\" sizes=\"(max-width: 640px) 100vw, 640px\">\n<\/div><\/div><\/div>\n<\/section><section id=\"podjetja\" class=\"bde-section-1196-413 bde-section\">\n              \n  \n  \n\t\n\n  <div class=\"section-background-overlay\"><\/div>\n\n\n<div class=\"section-container\"><h2 class=\"bde-heading-1196-414 bde-heading heading-with-bar\">\nAdvantages of vibratory conveyors\n<\/h2><\/div>\n<\/section><section class=\"bde-section-1196-385 bde-section\">\n              \n  \n  \n\t\n\n  <div class=\"section-background-overlay\"><\/div>\n\n\n<div class=\"section-container\"><div class=\"bde-columns-1196-387 bde-columns\"><div class=\"bde-column-1196-388 bde-column\">\n  \n  \n\t\n\n\n\n<div class=\"bde-rich-text-1196-514 bde-rich-text breakdance-rich-text-styles\">\n<p>Vibratory conveyors are ideal for many industrial processes where continuous, reliable and quiet material movement is required. Their key advantages include:<\/p>\n<ul>\n<li data-start=\"1335\" data-end=\"1384\"><strong data-start=\"1335\" data-end=\"1381\">uniform and controlled material flow,<\/strong>,<\/li>\n<li data-start=\"1387\" data-end=\"1419\"><strong data-start=\"1387\" data-end=\"1416\">low operating costs,<\/strong>,<\/li>\n<li data-start=\"1422\" data-end=\"1447\"><strong data-start=\"1422\" data-end=\"1444\">minimal maintenance requirements,<\/strong>,<\/li>\n<li data-start=\"1450\" data-end=\"1507\"><strong data-start=\"1450\" data-end=\"1504\">robust construction suitable for demanding environments,<\/strong>,<\/li>\n<li data-start=\"1510\" data-end=\"1567\"><strong data-start=\"1510\" data-end=\"1564\">ability to convey materials with different particle sizes,<\/strong>,<\/li>\n<li data-start=\"1570\" data-end=\"1631\"><strong data-start=\"1570\" data-end=\"1630\">excellent stability and reliability during long operating cycles.<\/strong>.<\/li>\n<\/ul>\n<p data-start=\"1633\" data-end=\"1775\">They are suitable for use in foundries, recycling plants, mines, metal processing, food processing industry, and many other industrial sectors.<\/p>\n<\/div>\n<\/div><div class=\"bde-column-1196-390 bde-column\">\n  \n  \n\t\n\n\n\n<img decoding=\"async\" class=\"bde-image2-1196-416 bde-image2\" src=\"https:\/\/www.siapro.eu\/wp-content\/uploads\/2025\/12\/IMG_2226.jpg\" loading=\"lazy\" srcset=\"https:\/\/www.siapro.eu\/wp-content\/uploads\/2025\/12\/IMG_2226.jpg 1600w, https:\/\/www.siapro.eu\/wp-content\/uploads\/2025\/12\/IMG_2226-300x225.jpg 300w, https:\/\/www.siapro.eu\/wp-content\/uploads\/2025\/12\/IMG_2226-1024x768.jpg 1024w, https:\/\/www.siapro.eu\/wp-content\/uploads\/2025\/12\/IMG_2226-768x576.jpg 768w, https:\/\/www.siapro.eu\/wp-content\/uploads\/2025\/12\/IMG_2226-1536x1152.jpg 1536w, https:\/\/www.siapro.eu\/wp-content\/uploads\/2025\/12\/IMG_2226-16x12.jpg 16w\" sizes=\"(max-width: 1600px) 100vw, 1600px\">\n<\/div><\/div><\/div>\n<\/section><section id=\"podjetja\" class=\"bde-section-1196-440 bde-section\">\n              \n  \n  \n\t\n\n  <div class=\"section-background-overlay\"><\/div>\n\n\n<div class=\"section-container\"><h2 class=\"bde-heading-1196-441 bde-heading heading-with-bar\">\nREFERENCES\n<\/h2><div class=\"bde-grid-1196-442 bde-grid\">\n  \n  \n\t\n\n\n\n<div class=\"bde-div-1196-443 bde-div\">\n  \n  \n\t\n\n\n\n<h3 class=\"bde-heading-1196-444 bde-heading\">\nPhotos\n<\/h3><div class=\"bde-gallery-1196-450 bde-gallery\">\n\n\n  \n\n\n\n\n\n\n\n\n\n\n<div class=\"ee-gallery ee-gallery--default ee-gallery--grid ee-gallery--single ee-gallery--lightbox ee-gallery-- ee-gallery--caption- ee-gallery--caption-none ee-gallery--ratio\">\n                  \n      <a class=\"ee-gallery-item ee-gallery-item--image ee-gallery-item--single\" href=\"https:\/\/www.siapro.eu\/wp-content\/uploads\/2025\/12\/IMG_2226.jpg\"  data-sub-html=\"<span><\/span>\" data-category=\"1\"                  data-lg-size=\"1600-1200\"\n\n      >\n        <figure class=\"ee-gallery-item-figure\">\n                        <img decoding=\"async\" class=\"breakdance-image-object\" src=\"https:\/\/www.siapro.eu\/wp-content\/uploads\/2025\/12\/IMG_2226-1024x768.jpg\" width=\"1024\" height=\"768\" srcset=\"https:\/\/www.siapro.eu\/wp-content\/uploads\/2025\/12\/IMG_2226.jpg 1600w, https:\/\/www.siapro.eu\/wp-content\/uploads\/2025\/12\/IMG_2226-300x225.jpg 300w, https:\/\/www.siapro.eu\/wp-content\/uploads\/2025\/12\/IMG_2226-1024x768.jpg 1024w, https:\/\/www.siapro.eu\/wp-content\/uploads\/2025\/12\/IMG_2226-768x576.jpg 768w, https:\/\/www.siapro.eu\/wp-content\/uploads\/2025\/12\/IMG_2226-1536x1152.jpg 1536w, https:\/\/www.siapro.eu\/wp-content\/uploads\/2025\/12\/IMG_2226-16x12.jpg 16w\" sizes=\"auto, (max-width: 1600px) 100vw, 1600px\" loading=\"lazy\">\n          \n                  <\/figure>\n      <\/a>\n\n                \n      <a class=\"ee-gallery-item ee-gallery-item--image ee-gallery-item--single\" href=\"https:\/\/www.siapro.eu\/wp-content\/uploads\/2025\/12\/transporter_vibracijski_livarna-1.jpg\"  data-sub-html=\"<span><\/span>\" data-category=\"1\"                  data-lg-size=\"640-480\"\n\n      >\n        <figure class=\"ee-gallery-item-figure\">\n                        <img decoding=\"async\" class=\"breakdance-image-object\" src=\"https:\/\/www.siapro.eu\/wp-content\/uploads\/2025\/12\/transporter_vibracijski_livarna-1.jpg\" width=\"640\" height=\"480\" srcset=\"https:\/\/www.siapro.eu\/wp-content\/uploads\/2025\/12\/transporter_vibracijski_livarna-1.jpg 640w, https:\/\/www.siapro.eu\/wp-content\/uploads\/2025\/12\/transporter_vibracijski_livarna-1-300x225.jpg 300w, https:\/\/www.siapro.eu\/wp-content\/uploads\/2025\/12\/transporter_vibracijski_livarna-1-16x12.jpg 16w\" sizes=\"auto, (max-width: 640px) 100vw, 640px\" loading=\"lazy\">\n          \n                  <\/figure>\n      <\/a>\n\n                \n      <a class=\"ee-gallery-item ee-gallery-item--image ee-gallery-item--single\" href=\"https:\/\/www.siapro.eu\/wp-content\/uploads\/2025\/12\/IMG_2378.jpg\"  data-sub-html=\"<span><\/span>\" data-category=\"1\"                  data-lg-size=\"1600-1200\"\n\n      >\n        <figure class=\"ee-gallery-item-figure\">\n                        <img decoding=\"async\" class=\"breakdance-image-object\" src=\"https:\/\/www.siapro.eu\/wp-content\/uploads\/2025\/12\/IMG_2378-1024x768.jpg\" width=\"1024\" height=\"768\" srcset=\"https:\/\/www.siapro.eu\/wp-content\/uploads\/2025\/12\/IMG_2378.jpg 1600w, https:\/\/www.siapro.eu\/wp-content\/uploads\/2025\/12\/IMG_2378-300x225.jpg 300w, https:\/\/www.siapro.eu\/wp-content\/uploads\/2025\/12\/IMG_2378-1024x768.jpg 1024w, https:\/\/www.siapro.eu\/wp-content\/uploads\/2025\/12\/IMG_2378-768x576.jpg 768w, https:\/\/www.siapro.eu\/wp-content\/uploads\/2025\/12\/IMG_2378-1536x1152.jpg 1536w, https:\/\/www.siapro.eu\/wp-content\/uploads\/2025\/12\/IMG_2378-16x12.jpg 16w\" sizes=\"auto, (max-width: 1600px) 100vw, 1600px\" loading=\"lazy\">\n          \n                  <\/figure>\n      <\/a>\n\n      \n  <\/div>\n\n\n\n<\/div>\n<\/div><div class=\"bde-div-1196-446 bde-div\">\n  \n  \n\t\n\n\n\n<h3 class=\"bde-heading-1196-447 bde-heading\">\nVideo\n<\/h3><div class=\"bde-video-1196-452 bde-video\">\n<div class=\"ee-video-container\">\n                                                                            \n                                \n                <iframe\n                        class=\"ee-video lozad\"\n                title=\"\"\n                                data-src=\"https:\/\/www.youtube.com\/embed\/YMvcut1YO7Y?feature=oembed&playsinline=0&rel=0&enablejsapi=1\"\n                frameborder=\"0\"\n                allow=\"accelerometer; autoplay; clipboard-write; encrypted-media; gyroscope; picture-in-picture\"\n                allowfullscreen>\n                <\/iframe>\n                    \n        \n            \n    <\/div>\n\n<\/div><div class=\"bde-text-1196-456 bde-text\">\nVibratory conveyor\n<\/div>\n<\/div>\n<\/div><div class=\"bde-text-1196-449 bde-text\">\nWe reserve all rights to the content and photographs on this website. Any use of the content, in whole or in part, is prohibited without prior written consent from Siapro. All photos \u00a9Siapro.\n<\/div><\/div>\n<\/section><section class=\"bde-section-1196-494 bde-section\">\n  \n  \n\t\n\n\n\n        <div class=\"section-shape-divider-wrapper section-shape-divider-wrapper--1\">\n          <span class=\"section-shape-divider\">\n                      <svg\n                xmlns=\"http:\/\/www.w3.org\/2000\/svg\"\n                viewbox=\"0 0 1440 320\"\n                preserveaspectratio=\"none\"\n            >\n              <path fill=\"currentColor\" fill-opacity=\"1\" d=\"M0,32L40,64C80,96,160,160,240,181.3C320,203,400,181,480,197.3C560,213,640,267,720,261.3C800,256,880,192,960,154.7C1040,117,1120,107,1200,85.3C1280,64,1360,32,1400,16L1440,0L1440,320L1400,320C1360,320,1280,320,1200,320C1120,320,1040,320,960,320C880,320,800,320,720,320C640,320,560,320,480,320C400,320,320,320,240,320C160,320,80,320,40,320L0,320Z\"><\/path>\n            <\/svg>\n                    <\/span>\n      <\/div>\n        <div class=\"section-shape-divider-wrapper section-shape-divider-wrapper--2\">\n          <span class=\"section-shape-divider\">\n                      <svg\n                xmlns=\"http:\/\/www.w3.org\/2000\/svg\"\n                viewbox=\"0 0 1440 320\"\n                preserveaspectratio=\"none\"\n            >\n              <path fill=\"currentColor\" fill-opacity=\"1\" d=\"M0,32L40,64C80,96,160,160,240,181.3C320,203,400,181,480,197.3C560,213,640,267,720,261.3C800,256,880,192,960,154.7C1040,117,1120,107,1200,85.3C1280,64,1360,32,1400,16L1440,0L1440,320L1400,320C1360,320,1280,320,1200,320C1120,320,1040,320,960,320C880,320,800,320,720,320C640,320,560,320,480,320C400,320,320,320,240,320C160,320,80,320,40,320L0,320Z\"><\/path>\n            <\/svg>\n                    <\/span>\n      <\/div>\n  <div class=\"section-container\"><div class=\"bde-div-1196-495 bde-div\" data-entrance=\"slideUp\">\n  \n  \n\t\n\n\n\n<div class=\"bde-div-1196-496 bde-div\">\n  \n  \n\t\n\n\n\n<h2 class=\"bde-heading-1196-497 bde-heading\">\nGet in touch with us for professional advice.\n<\/h2><div class=\"bde-text-1196-498 bde-text\">\nContact us for a vibratory conveyor project designed according to your requirements and materials.\n<\/div><div class=\"bde-button-1196-499 bde-button\">\n    \n                        \n                        \n    \n    \n    \n    \n            \n                    \n            \n            \n\n    \n    \n    \n    \n    \n    <a class=\"breakdance-link button-atom button-atom--custom bde-button__button\" href=\"https:\/\/www.siapro.eu\/en\/contact\/\" target=\"_self\" data-type=\"url\"  >\n\n    \n        <span class=\"button-atom__text\">CONTACT US<\/span>\n\n        \n        \n                <\/a>\n\n    \n\n\n<\/div>\n<\/div>\n<\/div><\/div>\n<\/section>","protected":false},"excerpt":{"rendered":"<p>Vibracijski transporterji U\u010dinkovit transport sipkih in kosovnih materialov z robustnimi vibracijskimi sistemi, zasnovanimi po meri. Zanesljiva konstrukcija in prilagodljive izvedbe Vibracijski transporterji Siapro so izdelani iz jeklene plo\u010devine in zasnovani za dolgotrajno, stabilno in tiho delovanje. Transportno korito je name\u0161\u010deno na konstrukcijo preko vzmeti, kar omogo\u010da enakomerno vibriranje in natan\u010den nadzor transportnega procesa. Dno korita [&hellip;]<\/p>\n","protected":false},"author":1,"featured_media":0,"parent":1187,"menu_order":0,"comment_status":"closed","ping_status":"closed","template":"","meta":{"_breakdance_hide_in_design_set":false,"_breakdance_tags":"","footnotes":""},"class_list":["post-1196","page","type-page","status-publish","hentry"],"_links":{"self":[{"href":"https:\/\/www.siapro.eu\/en\/wp-json\/wp\/v2\/pages\/1196","targetHints":{"allow":["GET"]}}],"collection":[{"href":"https:\/\/www.siapro.eu\/en\/wp-json\/wp\/v2\/pages"}],"about":[{"href":"https:\/\/www.siapro.eu\/en\/wp-json\/wp\/v2\/types\/page"}],"author":[{"embeddable":true,"href":"https:\/\/www.siapro.eu\/en\/wp-json\/wp\/v2\/users\/1"}],"replies":[{"embeddable":true,"href":"https:\/\/www.siapro.eu\/en\/wp-json\/wp\/v2\/comments?post=1196"}],"version-history":[{"count":4,"href":"https:\/\/www.siapro.eu\/en\/wp-json\/wp\/v2\/pages\/1196\/revisions"}],"predecessor-version":[{"id":1896,"href":"https:\/\/www.siapro.eu\/en\/wp-json\/wp\/v2\/pages\/1196\/revisions\/1896"}],"up":[{"embeddable":true,"href":"https:\/\/www.siapro.eu\/en\/wp-json\/wp\/v2\/pages\/1187"}],"wp:attachment":[{"href":"https:\/\/www.siapro.eu\/en\/wp-json\/wp\/v2\/media?parent=1196"}],"curies":[{"name":"wp","href":"https:\/\/api.w.org\/{rel}","templated":true}]}}