{"id":1198,"date":"2025-12-04T22:22:49","date_gmt":"2025-12-04T21:22:49","guid":{"rendered":"https:\/\/www.siapro.eu\/?page_id=1198"},"modified":"2025-12-13T21:34:30","modified_gmt":"2025-12-13T20:34:30","slug":"sustainable-solutions","status":"publish","type":"page","link":"https:\/\/www.siapro.eu\/en\/trajnostne-resitve\/","title":{"rendered":"Sustainable Solutions"},"content":{"rendered":"<section class=\"bde-section-1198-316 bde-section\">\n              \n  \n  \n\t\n\n\n\n<div class=\"section-container\"><h1 class=\"bde-heading-1198-102 bde-heading\">\nSustainable Solutions\n<\/h1><div class=\"bde-text-1198-320 bde-text\">\nIndustrial technologies for recycling, waste reduction and efficient use of resources\n<\/div><\/div>\n<\/section><section class=\"bde-section-1198-332 bde-section\">\n  \n  \n\t\n\n\n\n<div class=\"section-container\"><div class=\"bde-columns-1198-433 bde-columns\"><div class=\"bde-column-1198-434 bde-column\">\n  \n  \n\t\n\n\n\n<div class=\"bde-rich-text-1198-431 bde-rich-text breakdance-rich-text-styles\">\n<div align=\"justify\">\n<p><strong>Industrial technologies for recycling, waste reduction and efficient use of resources<\/strong><\/p>\n<p class=\"translation-block\">Siapro develops technologies and machinery with a clear goal: to reduce energy consumption, improve the efficiency of production processes and introduce environmentally friendly and circular solutions in industry.\n\nThe focus is on innovations that enable companies to:<\/p>\n<ul>\n<li>reduce the amount of waste,<\/li>\n<li>reuse materials,<\/li>\n<li>automate processes with high energy efficiency,<\/li>\n<li>comply with modern environmental standards.<\/li>\n<\/ul>\n<p class=\"translation-block\">Our solutions help industry transition towards a circular economy, where efficiency and sustainability are the fundamental drivers of development.<\/p>\n<\/div>\n<\/div>\n<\/div><div class=\"bde-column-1198-435 bde-column\">\n  \n  \n\t\n\n\n\n<img decoding=\"async\" class=\"bde-image2-1198-432 bde-image2\" src=\"https:\/\/www.siapro.eu\/wp-content\/uploads\/2025\/12\/Slika1.thumb-540x383-1.jpg\" loading=\"lazy\" srcset=\"https:\/\/www.siapro.eu\/wp-content\/uploads\/2025\/12\/Slika1.thumb-540x383-1.jpg 540w, https:\/\/www.siapro.eu\/wp-content\/uploads\/2025\/12\/Slika1.thumb-540x383-1-300x213.jpg 300w, https:\/\/www.siapro.eu\/wp-content\/uploads\/2025\/12\/Slika1.thumb-540x383-1-18x12.jpg 18w\" sizes=\"(max-width: 540px) 100vw, 540px\">\n<\/div><\/div><\/div>\n<\/section><section id=\"podjetja\" class=\"bde-section-1198-471 bde-section\">\n              \n  \n  \n\t\n\n  <div class=\"section-background-overlay\"><\/div>\n\n\n<div class=\"section-container\"><h2 class=\"bde-heading-1198-472 bde-heading heading-with-bar\">\nMobile sorting line for metal waste\n<\/h2><\/div>\n<\/section><section class=\"bde-section-1198-473 bde-section\">\n              \n  \n  \n\t\n\n  <div class=\"section-background-overlay\"><\/div>\n\n\n<div class=\"section-container\"><div class=\"bde-columns-1198-474 bde-columns\"><div class=\"bde-column-1198-475 bde-column\">\n  \n  \n\t\n\n\n\n<div class=\"bde-rich-text-1198-476 bde-rich-text breakdance-rich-text-styles\">\n<p class=\"translation-block\">The Siapro mobile sorting line enables automated separation of ferrous and non-ferrous metals, aluminium, slag and other metal waste. The line is designed as a complete mobile solution that can be quickly relocated and adapted to different locations and processes.<\/p>\n<p><strong>Key features:<\/strong><\/p>\n<ul>\n<li class=\"translation-block\">capacity of approximately 5 t\/h (depending on the material),<\/li>\n<li>separation of ferrous and non-ferrous metals: aluminium, copper, lead, zinc, nickel, tin \u2026<\/li>\n<li class=\"translation-block\">recovery of secondary raw materials for reuse in production,<\/li>\n<li>efficient processing of residues from foundry processes (e.g. aluminium slag),<\/li>\n<li>welded and bolted, robust construction,<\/li>\n<li>mobility: conveyor with forklift pockets, wheeled chassis, hydraulic adjustment of inclination.<\/li>\n<\/ul>\n<p class=\"translation-block\">The technology enables sustainable waste management, cost reduction and increased value of recycled materials.<\/p>\n<\/div><div class=\"bde-video-1198-489 bde-video\">\n<div class=\"ee-video-container\">\n                                                                            \n                                \n                <iframe\n                        class=\"ee-video lozad\"\n                title=\"\"\n                                data-src=\"https:\/\/www.youtube.com\/embed\/BNpTNzsggvU?feature=oembed&playsinline=0&rel=0&enablejsapi=1\"\n                frameborder=\"0\"\n                allow=\"accelerometer; autoplay; clipboard-write; encrypted-media; gyroscope; picture-in-picture\"\n                allowfullscreen>\n                <\/iframe>\n                    \n        \n            \n    <\/div>\n\n<\/div><div class=\"bde-text-1198-491 bde-text\">\nSorting aluminum\n<\/div>\n<\/div><div class=\"bde-column-1198-477 bde-column\">\n  \n  \n\t\n\n\n\n<div class=\"bde-gallery-1198-487 bde-gallery\">\n\n\n  \n\n\n\n\n\n\n\n\n\n\n<div class=\"ee-gallery ee-gallery--default ee-gallery--grid ee-gallery--single ee-gallery--lightbox ee-gallery-- ee-gallery--caption- ee-gallery--caption-none ee-gallery--ratio\">\n                  \n      <a class=\"ee-gallery-item ee-gallery-item--image ee-gallery-item--single\" href=\"https:\/\/www.siapro.eu\/wp-content\/uploads\/2025\/12\/transporter_za_sortiranje_kovinskih_odpadkov-2.jpg\"  data-sub-html=\"<span><\/span>\" data-category=\"1\"                  data-lg-size=\"1280-960\"\n\n      >\n        <figure class=\"ee-gallery-item-figure\">\n                        <img decoding=\"async\" class=\"breakdance-image-object\" src=\"https:\/\/www.siapro.eu\/wp-content\/uploads\/2025\/12\/transporter_za_sortiranje_kovinskih_odpadkov-2-1024x768.jpg\" width=\"1024\" height=\"768\" srcset=\"https:\/\/www.siapro.eu\/wp-content\/uploads\/2025\/12\/transporter_za_sortiranje_kovinskih_odpadkov-2.jpg 1280w, https:\/\/www.siapro.eu\/wp-content\/uploads\/2025\/12\/transporter_za_sortiranje_kovinskih_odpadkov-2-300x225.jpg 300w, https:\/\/www.siapro.eu\/wp-content\/uploads\/2025\/12\/transporter_za_sortiranje_kovinskih_odpadkov-2-1024x768.jpg 1024w, https:\/\/www.siapro.eu\/wp-content\/uploads\/2025\/12\/transporter_za_sortiranje_kovinskih_odpadkov-2-768x576.jpg 768w, https:\/\/www.siapro.eu\/wp-content\/uploads\/2025\/12\/transporter_za_sortiranje_kovinskih_odpadkov-2-16x12.jpg 16w\" sizes=\"auto, (max-width: 1280px) 100vw, 1280px\" loading=\"lazy\">\n          \n                  <\/figure>\n      <\/a>\n\n                \n      <a class=\"ee-gallery-item ee-gallery-item--image ee-gallery-item--single\" href=\"https:\/\/www.siapro.eu\/wp-content\/uploads\/2025\/12\/mobilni_transporter_reciklaza_odpadkov.thumb-530x398-1.jpg\"  data-sub-html=\"<span><\/span>\" data-category=\"1\"                  data-lg-size=\"530-398\"\n\n      >\n        <figure class=\"ee-gallery-item-figure\">\n                        <img decoding=\"async\" class=\"breakdance-image-object\" src=\"https:\/\/www.siapro.eu\/wp-content\/uploads\/2025\/12\/mobilni_transporter_reciklaza_odpadkov.thumb-530x398-1.jpg\" width=\"530\" height=\"398\" srcset=\"https:\/\/www.siapro.eu\/wp-content\/uploads\/2025\/12\/mobilni_transporter_reciklaza_odpadkov.thumb-530x398-1.jpg 530w, https:\/\/www.siapro.eu\/wp-content\/uploads\/2025\/12\/mobilni_transporter_reciklaza_odpadkov.thumb-530x398-1-300x225.jpg 300w, https:\/\/www.siapro.eu\/wp-content\/uploads\/2025\/12\/mobilni_transporter_reciklaza_odpadkov.thumb-530x398-1-16x12.jpg 16w\" sizes=\"auto, (max-width: 530px) 100vw, 530px\" loading=\"lazy\">\n          \n                  <\/figure>\n      <\/a>\n\n                \n      <a class=\"ee-gallery-item ee-gallery-item--image ee-gallery-item--single\" href=\"https:\/\/www.siapro.eu\/wp-content\/uploads\/2025\/12\/recikliranje_zgure.jpg\"  data-sub-html=\"<span><\/span>\" data-category=\"1\"                  data-lg-size=\"1024-768\"\n\n      >\n        <figure class=\"ee-gallery-item-figure\">\n                        <img decoding=\"async\" class=\"breakdance-image-object\" src=\"https:\/\/www.siapro.eu\/wp-content\/uploads\/2025\/12\/recikliranje_zgure.jpg\" width=\"1024\" height=\"768\" srcset=\"https:\/\/www.siapro.eu\/wp-content\/uploads\/2025\/12\/recikliranje_zgure.jpg 1024w, https:\/\/www.siapro.eu\/wp-content\/uploads\/2025\/12\/recikliranje_zgure-300x225.jpg 300w, https:\/\/www.siapro.eu\/wp-content\/uploads\/2025\/12\/recikliranje_zgure-768x576.jpg 768w, https:\/\/www.siapro.eu\/wp-content\/uploads\/2025\/12\/recikliranje_zgure-16x12.jpg 16w\" sizes=\"auto, (max-width: 1024px) 100vw, 1024px\" loading=\"lazy\">\n          \n                  <\/figure>\n      <\/a>\n\n                \n      <a class=\"ee-gallery-item ee-gallery-item--image ee-gallery-item--single\" href=\"https:\/\/www.siapro.eu\/wp-content\/uploads\/2025\/12\/recikliranje_kovin.jpg\"  data-sub-html=\"<span><\/span>\" data-category=\"1\"                  data-lg-size=\"1280-960\"\n\n      >\n        <figure class=\"ee-gallery-item-figure\">\n                        <img decoding=\"async\" class=\"breakdance-image-object\" src=\"https:\/\/www.siapro.eu\/wp-content\/uploads\/2025\/12\/recikliranje_kovin-1024x768.jpg\" width=\"1024\" height=\"768\" srcset=\"https:\/\/www.siapro.eu\/wp-content\/uploads\/2025\/12\/recikliranje_kovin.jpg 1280w, https:\/\/www.siapro.eu\/wp-content\/uploads\/2025\/12\/recikliranje_kovin-300x225.jpg 300w, https:\/\/www.siapro.eu\/wp-content\/uploads\/2025\/12\/recikliranje_kovin-1024x768.jpg 1024w, https:\/\/www.siapro.eu\/wp-content\/uploads\/2025\/12\/recikliranje_kovin-768x576.jpg 768w, https:\/\/www.siapro.eu\/wp-content\/uploads\/2025\/12\/recikliranje_kovin-16x12.jpg 16w\" sizes=\"auto, (max-width: 1280px) 100vw, 1280px\" loading=\"lazy\">\n          \n                  <\/figure>\n      <\/a>\n\n      \n  <\/div>\n\n\n\n<\/div><div class=\"bde-video-1198-488 bde-video\">\n<div class=\"ee-video-container\">\n                                                                            \n                                \n                <iframe\n                        class=\"ee-video lozad\"\n                title=\"\"\n                                data-src=\"https:\/\/www.youtube.com\/embed\/KnekFYtAkrc?feature=oembed&playsinline=0&rel=0&enablejsapi=1\"\n                frameborder=\"0\"\n                allow=\"accelerometer; autoplay; clipboard-write; encrypted-media; gyroscope; picture-in-picture\"\n                allowfullscreen>\n                <\/iframe>\n                    \n        \n            \n    <\/div>\n\n<\/div><div class=\"bde-text-1198-490 bde-text\">\nRecycling iron waste\n<\/div>\n<\/div><\/div><\/div>\n<\/section><section id=\"podjetja\" class=\"bde-section-1198-479 bde-section\">\n              \n  \n  \n\t\n\n  <div class=\"section-background-overlay\"><\/div>\n\n\n<div class=\"section-container\"><h2 class=\"bde-heading-1198-480 bde-heading heading-with-bar\">\nAutomated equipment for cutting truck and passenger car tyres\n<\/h2><\/div>\n<\/section><section class=\"bde-section-1198-481 bde-section\">\n              \n  \n  \n\t\n\n  <div class=\"section-background-overlay\"><\/div>\n\n\n<div class=\"section-container\"><div class=\"bde-columns-1198-482 bde-columns\"><div class=\"bde-column-1198-483 bde-column\">\n  \n  \n\t\n\n\n\n<div class=\"bde-rich-text-1198-484 bde-rich-text breakdance-rich-text-styles\">\n<p class=\"translation-block\">Siapro has developed and manufactured fully automated equipment for cutting waste truck and passenger car tyres, which is installed in European recycling centres.<\/p>\n<p class=\"translation-block\">It is a unique solution that includes:<\/p>\n<ul>\n<li>100% in-house development by Siapro engineers,<\/li>\n<li>robust construction for continuous industrial operation,<\/li>\n<li>automated cutting and handling processes,<\/li>\n<li>suitability for new (greenfield) recycling plants.<\/li>\n<\/ul>\n<p class=\"translation-block\">The equipment is intended for companies implementing modern recycling technologies and aiming to reduce waste from the tyre industry.<\/p>\n<p><strong>Sustainability as a standard<\/strong><\/p>\n<p>By combining solutions for sorting, recycling, cutting and process automation, we enable:<\/p>\n<ul>\n<li>reducing the environmental footprint,<\/li>\n<li>efficient use of raw materials,<\/li>\n<li>transition to a circular economy,<\/li>\n<li>optimization of industrial processes with lower costs.<\/li>\n<\/ul>\n<\/div>\n<\/div><div class=\"bde-column-1198-485 bde-column\">\n  \n  \n\t\n\n\n\n<div class=\"bde-gallery-1198-492 bde-gallery\">\n\n\n  \n\n\n\n\n\n\n\n\n\n\n<div class=\"ee-gallery ee-gallery--default ee-gallery--grid ee-gallery--single ee-gallery--lightbox ee-gallery-- ee-gallery--caption- ee-gallery--caption-none ee-gallery--ratio\">\n                  \n      <a class=\"ee-gallery-item ee-gallery-item--image ee-gallery-item--single\" href=\"https:\/\/www.siapro.eu\/wp-content\/uploads\/2025\/12\/oprema_za_razrez_gum_2.thumb-350x263-1.jpg\"  data-sub-html=\"<span><\/span>\" data-category=\"1\"                  data-lg-size=\"350-263\"\n\n      >\n        <figure class=\"ee-gallery-item-figure\">\n                        <img decoding=\"async\" class=\"breakdance-image-object\" src=\"https:\/\/www.siapro.eu\/wp-content\/uploads\/2025\/12\/oprema_za_razrez_gum_2.thumb-350x263-1.jpg\" width=\"350\" height=\"263\" srcset=\"https:\/\/www.siapro.eu\/wp-content\/uploads\/2025\/12\/oprema_za_razrez_gum_2.thumb-350x263-1.jpg 350w, https:\/\/www.siapro.eu\/wp-content\/uploads\/2025\/12\/oprema_za_razrez_gum_2.thumb-350x263-1-300x225.jpg 300w, https:\/\/www.siapro.eu\/wp-content\/uploads\/2025\/12\/oprema_za_razrez_gum_2.thumb-350x263-1-16x12.jpg 16w\" sizes=\"auto, (max-width: 350px) 100vw, 350px\" loading=\"lazy\">\n          \n                  <\/figure>\n      <\/a>\n\n                \n      <a class=\"ee-gallery-item ee-gallery-item--image ee-gallery-item--single\" href=\"https:\/\/www.siapro.eu\/wp-content\/uploads\/2025\/12\/siapro_green_field_project.jpg\"  data-sub-html=\"<span><\/span>\" data-category=\"1\"                  data-lg-size=\"1280-960\"\n\n      >\n        <figure class=\"ee-gallery-item-figure\">\n                        <img decoding=\"async\" class=\"breakdance-image-object\" src=\"https:\/\/www.siapro.eu\/wp-content\/uploads\/2025\/12\/siapro_green_field_project-1024x768.jpg\" width=\"1024\" height=\"768\" srcset=\"https:\/\/www.siapro.eu\/wp-content\/uploads\/2025\/12\/siapro_green_field_project.jpg 1280w, https:\/\/www.siapro.eu\/wp-content\/uploads\/2025\/12\/siapro_green_field_project-300x225.jpg 300w, https:\/\/www.siapro.eu\/wp-content\/uploads\/2025\/12\/siapro_green_field_project-1024x768.jpg 1024w, https:\/\/www.siapro.eu\/wp-content\/uploads\/2025\/12\/siapro_green_field_project-768x576.jpg 768w, https:\/\/www.siapro.eu\/wp-content\/uploads\/2025\/12\/siapro_green_field_project-16x12.jpg 16w\" sizes=\"auto, (max-width: 1280px) 100vw, 1280px\" loading=\"lazy\">\n          \n                  <\/figure>\n      <\/a>\n\n                \n      <a class=\"ee-gallery-item ee-gallery-item--image ee-gallery-item--single\" href=\"https:\/\/www.siapro.eu\/wp-content\/uploads\/2025\/12\/oprema_za_razrez_gum_1.jpg\"  data-sub-html=\"<span><\/span>\" data-category=\"1\"                  data-lg-size=\"1280-960\"\n\n      >\n        <figure class=\"ee-gallery-item-figure\">\n                        <img decoding=\"async\" class=\"breakdance-image-object\" src=\"https:\/\/www.siapro.eu\/wp-content\/uploads\/2025\/12\/oprema_za_razrez_gum_1-1024x768.jpg\" width=\"1024\" height=\"768\" srcset=\"https:\/\/www.siapro.eu\/wp-content\/uploads\/2025\/12\/oprema_za_razrez_gum_1.jpg 1280w, https:\/\/www.siapro.eu\/wp-content\/uploads\/2025\/12\/oprema_za_razrez_gum_1-300x225.jpg 300w, https:\/\/www.siapro.eu\/wp-content\/uploads\/2025\/12\/oprema_za_razrez_gum_1-1024x768.jpg 1024w, https:\/\/www.siapro.eu\/wp-content\/uploads\/2025\/12\/oprema_za_razrez_gum_1-768x576.jpg 768w, https:\/\/www.siapro.eu\/wp-content\/uploads\/2025\/12\/oprema_za_razrez_gum_1-16x12.jpg 16w\" sizes=\"auto, (max-width: 1280px) 100vw, 1280px\" loading=\"lazy\">\n          \n                  <\/figure>\n      <\/a>\n\n                \n      <a class=\"ee-gallery-item ee-gallery-item--image ee-gallery-item--single\" href=\"https:\/\/www.siapro.eu\/wp-content\/uploads\/2025\/12\/siapro_transporterji.jpg\"  data-sub-html=\"<span><\/span>\" data-category=\"1\"                  data-lg-size=\"1280-960\"\n\n      >\n        <figure class=\"ee-gallery-item-figure\">\n                        <img decoding=\"async\" class=\"breakdance-image-object\" src=\"https:\/\/www.siapro.eu\/wp-content\/uploads\/2025\/12\/siapro_transporterji-1024x768.jpg\" width=\"1024\" height=\"768\" srcset=\"https:\/\/www.siapro.eu\/wp-content\/uploads\/2025\/12\/siapro_transporterji.jpg 1280w, https:\/\/www.siapro.eu\/wp-content\/uploads\/2025\/12\/siapro_transporterji-300x225.jpg 300w, https:\/\/www.siapro.eu\/wp-content\/uploads\/2025\/12\/siapro_transporterji-1024x768.jpg 1024w, https:\/\/www.siapro.eu\/wp-content\/uploads\/2025\/12\/siapro_transporterji-768x576.jpg 768w, https:\/\/www.siapro.eu\/wp-content\/uploads\/2025\/12\/siapro_transporterji-16x12.jpg 16w\" sizes=\"auto, (max-width: 1280px) 100vw, 1280px\" loading=\"lazy\">\n          \n                  <\/figure>\n      <\/a>\n\n      \n  <\/div>\n\n\n\n<\/div>\n<\/div><\/div><\/div>\n<\/section><section class=\"bde-section-1198-419 bde-section\">\n  \n  \n\t\n\n\n\n        <div class=\"section-shape-divider-wrapper section-shape-divider-wrapper--1\">\n          <span class=\"section-shape-divider\">\n                      <svg\n                xmlns=\"http:\/\/www.w3.org\/2000\/svg\"\n                viewbox=\"0 0 1440 320\"\n                preserveaspectratio=\"none\"\n            >\n              <path fill=\"currentColor\" fill-opacity=\"1\" d=\"M0,32L40,64C80,96,160,160,240,181.3C320,203,400,181,480,197.3C560,213,640,267,720,261.3C800,256,880,192,960,154.7C1040,117,1120,107,1200,85.3C1280,64,1360,32,1400,16L1440,0L1440,320L1400,320C1360,320,1280,320,1200,320C1120,320,1040,320,960,320C880,320,800,320,720,320C640,320,560,320,480,320C400,320,320,320,240,320C160,320,80,320,40,320L0,320Z\"><\/path>\n            <\/svg>\n                    <\/span>\n      <\/div>\n        <div class=\"section-shape-divider-wrapper section-shape-divider-wrapper--2\">\n          <span class=\"section-shape-divider\">\n                      <svg\n                xmlns=\"http:\/\/www.w3.org\/2000\/svg\"\n                viewbox=\"0 0 1440 320\"\n                preserveaspectratio=\"none\"\n            >\n              <path fill=\"currentColor\" fill-opacity=\"1\" d=\"M0,32L40,64C80,96,160,160,240,181.3C320,203,400,181,480,197.3C560,213,640,267,720,261.3C800,256,880,192,960,154.7C1040,117,1120,107,1200,85.3C1280,64,1360,32,1400,16L1440,0L1440,320L1400,320C1360,320,1280,320,1200,320C1120,320,1040,320,960,320C880,320,800,320,720,320C640,320,560,320,480,320C400,320,320,320,240,320C160,320,80,320,40,320L0,320Z\"><\/path>\n            <\/svg>\n                    <\/span>\n      <\/div>\n  <div class=\"section-container\"><div class=\"bde-div-1198-420 bde-div\" data-entrance=\"slideUp\">\n  \n  \n\t\n\n\n\n<div class=\"bde-div-1198-421 bde-div\">\n  \n  \n\t\n\n\n\n<h2 class=\"bde-heading-1198-422 bde-heading\">\nWould you like an offer or technical advice?\n<\/h2><div class=\"bde-text-1198-423 bde-text\">\nContact us for sustainable and energy-efficient technological solutions tailored to your needs.\n<\/div><div class=\"bde-button-1198-424 bde-button\">\n    \n                        \n                        \n    \n    \n    \n    \n            \n                    \n            \n            \n\n    \n    \n    \n    \n    \n    <a class=\"breakdance-link button-atom button-atom--custom bde-button__button\" href=\"https:\/\/www.siapro.eu\/en\/contact\/\" target=\"_self\" data-type=\"url\"  >\n\n    \n        <span class=\"button-atom__text\">CONTACT US<\/span>\n\n        \n        \n                <\/a>\n\n    \n\n\n<\/div>\n<\/div>\n<\/div><\/div>\n<\/section>","protected":false},"excerpt":{"rendered":"<p>Trajnostne re\u0161itve Industrijske tehnologije za recikla\u017eo, zmanj\u0161anje odpadkov in u\u010dinkovito rabo surovin Industrijske tehnologije za recikla\u017eo, zmanj\u0161anje odpadkov in u\u010dinkovito rabo surovin Podjetje Siapro razvija tehnologije in stroje z jasnim ciljem: zmanj\u0161ati porabo energije, izbolj\u0161ati u\u010dinkovitost proizvodnih procesov ter uvajati okolju prijazne in kro\u017ene re\u0161itve v industriji.V ospredju so inovacije, ki podjetjem omogo\u010dajo: zmanj\u0161anje koli\u010dine [&hellip;]<\/p>\n","protected":false},"author":1,"featured_media":0,"parent":0,"menu_order":0,"comment_status":"closed","ping_status":"closed","template":"","meta":{"_breakdance_hide_in_design_set":false,"_breakdance_tags":"","footnotes":""},"class_list":["post-1198","page","type-page","status-publish","hentry"],"_links":{"self":[{"href":"https:\/\/www.siapro.eu\/en\/wp-json\/wp\/v2\/pages\/1198","targetHints":{"allow":["GET"]}}],"collection":[{"href":"https:\/\/www.siapro.eu\/en\/wp-json\/wp\/v2\/pages"}],"about":[{"href":"https:\/\/www.siapro.eu\/en\/wp-json\/wp\/v2\/types\/page"}],"author":[{"embeddable":true,"href":"https:\/\/www.siapro.eu\/en\/wp-json\/wp\/v2\/users\/1"}],"replies":[{"embeddable":true,"href":"https:\/\/www.siapro.eu\/en\/wp-json\/wp\/v2\/comments?post=1198"}],"version-history":[{"count":10,"href":"https:\/\/www.siapro.eu\/en\/wp-json\/wp\/v2\/pages\/1198\/revisions"}],"predecessor-version":[{"id":1940,"href":"https:\/\/www.siapro.eu\/en\/wp-json\/wp\/v2\/pages\/1198\/revisions\/1940"}],"wp:attachment":[{"href":"https:\/\/www.siapro.eu\/en\/wp-json\/wp\/v2\/media?parent=1198"}],"curies":[{"name":"wp","href":"https:\/\/api.w.org\/{rel}","templated":true}]}}