{"id":591,"date":"2025-11-16T20:11:19","date_gmt":"2025-11-16T19:11:19","guid":{"rendered":"https:\/\/www.siapro.eu\/?page_id=591"},"modified":"2025-12-09T23:28:58","modified_gmt":"2025-12-09T22:28:58","slug":"modern-blasting-machine-for-robotic-blasting","status":"publish","type":"page","link":"https:\/\/www.siapro.eu\/en\/reference\/sodoben-peskalni-stroj-za-peskanje-z-robotom\/","title":{"rendered":"Modern Shot Blasting Machine with Robotic Operation"},"content":{"rendered":"<section class=\"bde-section-591-316 bde-section\">\n              \n  \n  \n\t\n\n\n\n<div class=\"section-container\"><h1 class=\"bde-heading-591-102 bde-heading\">\nModern Shot Blasting Machine with Robotic Operation\n<\/h1><div class=\"bde-text-591-320 bde-text\">\nThe solution for the industry of the future\n<\/div><\/div>\n<\/section><section id=\"podjetja\" class=\"bde-section-591-399 bde-section\">\n  \n  \n\t\n\n\n\n<div class=\"section-container\"><h2 class=\"bde-heading-591-400 bde-heading heading-with-bar\">\nABOUT THE PROJECT\n<\/h2><\/div>\n<\/section><section class=\"bde-section-591-332 bde-section\">\n  \n  \n\t\n\n\n\n<div class=\"section-container\"><div class=\"bde-columns-591-408 bde-columns\"><div class=\"bde-column-591-409 bde-column\">\n  \n  \n\t\n\n\n\n<div class=\"bde-rich-text-591-412 bde-rich-text breakdance-rich-text-styles\">\n<p data-start=\"66\" data-end=\"248\">Introducing the Siapro reference from Scandinavia - an advanced blasting machine with integrated robotic technology, fully designed and manufactured in-house.<\/p>\n<p data-start=\"250\" data-end=\"570\" data-is-last-node=\"\" data-is-only-node=\"\">It is a solution developed for the industry of the future, setting new standards in precision, automation and efficiency. With our innovative approach, we prove that we can combine our know-how, cutting-edge technology and years of experience to create systems that keep pace with the most demanding needs of modern industry.<\/p>\n<\/div>\n<\/div><div class=\"bde-column-591-410 bde-column\">\n  \n  \n\t\n\n\n\n<img decoding=\"async\" class=\"bde-image2-591-411 bde-image2\" src=\"https:\/\/www.siapro.eu\/wp-content\/uploads\/2025\/12\/Shotblasting_with_robot_5.jpg\" loading=\"lazy\" srcset=\"https:\/\/www.siapro.eu\/wp-content\/uploads\/2025\/12\/Shotblasting_with_robot_5.jpg 1280w, https:\/\/www.siapro.eu\/wp-content\/uploads\/2025\/12\/Shotblasting_with_robot_5-300x225.jpg 300w, https:\/\/www.siapro.eu\/wp-content\/uploads\/2025\/12\/Shotblasting_with_robot_5-1024x768.jpg 1024w, https:\/\/www.siapro.eu\/wp-content\/uploads\/2025\/12\/Shotblasting_with_robot_5-768x576.jpg 768w, https:\/\/www.siapro.eu\/wp-content\/uploads\/2025\/12\/Shotblasting_with_robot_5-16x12.jpg 16w\" sizes=\"(max-width: 1280px) 100vw, 1280px\"><div class=\"bde-icon-list-591-472 bde-icon-list\">\n<ul>\n  \n              \n    <li>\n              <div class='bde-icon-list__item-wrapper'>\n      \n      <span class='bde-icon-list__icon'>\n        <svg xmlns=\"http:\/\/www.w3.org\/2000\/svg\" id=\"icon-calendar\" viewbox=\"0 0 32 32\">\n<path d=\"M10 12h4v4h-4zM16 12h4v4h-4zM22 12h4v4h-4zM4 24h4v4h-4zM10 24h4v4h-4zM16 24h4v4h-4zM10 18h4v4h-4zM16 18h4v4h-4zM22 18h4v4h-4zM4 18h4v4h-4zM26 0v2h-4v-2h-14v2h-4v-2h-4v32h30v-32h-4zM28 30h-26v-22h26v22z\"\/>\n<\/svg>\n      <\/span>\n      <span class='bde-icon-list__text' >\n      Year of manufacture: 2018\n      <\/span>\n              <\/div>\n      \n    <\/li>\n\n  \n              \n    <li>\n              <div class='bde-icon-list__item-wrapper'>\n      \n      <span class='bde-icon-list__icon'>\n        <svg xmlns=\"http:\/\/www.w3.org\/2000\/svg\" viewbox=\"0 0 512 512\"><!--! Font Awesome Free 6.5.1 by @fontawesome - https:\/\/fontawesome.com License - https:\/\/fontawesome.com\/license\/free (Icons: CC BY 4.0, Fonts: SIL OFL 1.1, Code: MIT License) Copyright 2023 Fonticons, Inc. --><path d=\"M495.9 166.6c3.2 8.7 .5 18.4-6.4 24.6l-43.3 39.4c1.1 8.3 1.7 16.8 1.7 25.4s-.6 17.1-1.7 25.4l43.3 39.4c6.9 6.2 9.6 15.9 6.4 24.6c-4.4 11.9-9.7 23.3-15.8 34.3l-4.7 8.1c-6.6 11-14 21.4-22.1 31.2c-5.9 7.2-15.7 9.6-24.5 6.8l-55.7-17.7c-13.4 10.3-28.2 18.9-44 25.4l-12.5 57.1c-2 9.1-9 16.3-18.2 17.8c-13.8 2.3-28 3.5-42.5 3.5s-28.7-1.2-42.5-3.5c-9.2-1.5-16.2-8.7-18.2-17.8l-12.5-57.1c-15.8-6.5-30.6-15.1-44-25.4L83.1 425.9c-8.8 2.8-18.6 .3-24.5-6.8c-8.1-9.8-15.5-20.2-22.1-31.2l-4.7-8.1c-6.1-11-11.4-22.4-15.8-34.3c-3.2-8.7-.5-18.4 6.4-24.6l43.3-39.4C64.6 273.1 64 264.6 64 256s.6-17.1 1.7-25.4L22.4 191.2c-6.9-6.2-9.6-15.9-6.4-24.6c4.4-11.9 9.7-23.3 15.8-34.3l4.7-8.1c6.6-11 14-21.4 22.1-31.2c5.9-7.2 15.7-9.6 24.5-6.8l55.7 17.7c13.4-10.3 28.2-18.9 44-25.4l12.5-57.1c2-9.1 9-16.3 18.2-17.8C227.3 1.2 241.5 0 256 0s28.7 1.2 42.5 3.5c9.2 1.5 16.2 8.7 18.2 17.8l12.5 57.1c15.8 6.5 30.6 15.1 44 25.4l55.7-17.7c8.8-2.8 18.6-.3 24.5 6.8c8.1 9.8 15.5 20.2 22.1 31.2l4.7 8.1c6.1 11 11.4 22.4 15.8 34.3zM256 336a80 80 0 1 0 0-160 80 80 0 1 0 0 160z\"\/><\/svg>\n      <\/span>\n      <span class='bde-icon-list__text' >\n      Turbine: Pelton\n      <\/span>\n              <\/div>\n      \n    <\/li>\n\n  \n              \n    <li>\n              <div class='bde-icon-list__item-wrapper'>\n      \n      <span class='bde-icon-list__icon'>\n        <svg xmlns=\"http:\/\/www.w3.org\/2000\/svg\" id=\"icon-power\" viewbox=\"0 0 32 32\">\n<path d=\"M12 0l-12 16h12l-8 16 28-20h-16l12-12z\"\/>\n<\/svg>\n      <\/span>\n      <span class='bde-icon-list__text' >\n      Power: 1.724 kW\n      <\/span>\n              <\/div>\n      \n    <\/li>\n\n  <\/ul>\n\n<\/div><div class=\"bde-gallery-591-489 bde-gallery\">\n\n\n  \n\n\n\n\n\n\n\n\n\n\n<div class=\"ee-gallery ee-gallery--default ee-gallery--grid ee-gallery--single ee-gallery--lightbox ee-gallery-- ee-gallery--caption- ee-gallery--caption-none ee-gallery--ratio\">\n                  \n      <a class=\"ee-gallery-item ee-gallery-item--image ee-gallery-item--single\" href=\"https:\/\/www.siapro.eu\/wp-content\/uploads\/2025\/12\/Shotblasting_with_robot_Siapro_2.jpg\"  data-sub-html=\"<span><\/span>\" data-category=\"1\"                  data-lg-size=\"1280-960\"\n\n      >\n        <figure class=\"ee-gallery-item-figure\">\n                        <img decoding=\"async\" class=\"breakdance-image-object\" src=\"https:\/\/www.siapro.eu\/wp-content\/uploads\/2025\/12\/Shotblasting_with_robot_Siapro_2-1024x768.jpg\" width=\"1024\" height=\"768\" srcset=\"https:\/\/www.siapro.eu\/wp-content\/uploads\/2025\/12\/Shotblasting_with_robot_Siapro_2.jpg 1280w, https:\/\/www.siapro.eu\/wp-content\/uploads\/2025\/12\/Shotblasting_with_robot_Siapro_2-300x225.jpg 300w, https:\/\/www.siapro.eu\/wp-content\/uploads\/2025\/12\/Shotblasting_with_robot_Siapro_2-1024x768.jpg 1024w, https:\/\/www.siapro.eu\/wp-content\/uploads\/2025\/12\/Shotblasting_with_robot_Siapro_2-768x576.jpg 768w, https:\/\/www.siapro.eu\/wp-content\/uploads\/2025\/12\/Shotblasting_with_robot_Siapro_2-16x12.jpg 16w\" sizes=\"auto, (max-width: 1280px) 100vw, 1280px\" loading=\"lazy\">\n          \n                  <\/figure>\n      <\/a>\n\n                \n      <a class=\"ee-gallery-item ee-gallery-item--image ee-gallery-item--single\" href=\"https:\/\/www.siapro.eu\/wp-content\/uploads\/2025\/12\/Shotblasting_with_robot_Siapro_3.jpg\"  data-sub-html=\"<span><\/span>\" data-category=\"1\"                  data-lg-size=\"1280-960\"\n\n      >\n        <figure class=\"ee-gallery-item-figure\">\n                        <img decoding=\"async\" class=\"breakdance-image-object\" src=\"https:\/\/www.siapro.eu\/wp-content\/uploads\/2025\/12\/Shotblasting_with_robot_Siapro_3-1024x768.jpg\" width=\"1024\" height=\"768\" srcset=\"https:\/\/www.siapro.eu\/wp-content\/uploads\/2025\/12\/Shotblasting_with_robot_Siapro_3.jpg 1280w, https:\/\/www.siapro.eu\/wp-content\/uploads\/2025\/12\/Shotblasting_with_robot_Siapro_3-300x225.jpg 300w, https:\/\/www.siapro.eu\/wp-content\/uploads\/2025\/12\/Shotblasting_with_robot_Siapro_3-1024x768.jpg 1024w, https:\/\/www.siapro.eu\/wp-content\/uploads\/2025\/12\/Shotblasting_with_robot_Siapro_3-768x576.jpg 768w, https:\/\/www.siapro.eu\/wp-content\/uploads\/2025\/12\/Shotblasting_with_robot_Siapro_3-16x12.jpg 16w\" sizes=\"auto, (max-width: 1280px) 100vw, 1280px\" loading=\"lazy\">\n          \n                  <\/figure>\n      <\/a>\n\n                \n      <a class=\"ee-gallery-item ee-gallery-item--image ee-gallery-item--single\" href=\"https:\/\/www.siapro.eu\/wp-content\/uploads\/2025\/12\/Shotblasting_with_robot_Siapro_1.jpg\"  data-sub-html=\"<span><\/span>\" data-category=\"1\"                  data-lg-size=\"1280-960\"\n\n      >\n        <figure class=\"ee-gallery-item-figure\">\n                        <img decoding=\"async\" class=\"breakdance-image-object\" src=\"https:\/\/www.siapro.eu\/wp-content\/uploads\/2025\/12\/Shotblasting_with_robot_Siapro_1-1024x768.jpg\" width=\"1024\" height=\"768\" srcset=\"https:\/\/www.siapro.eu\/wp-content\/uploads\/2025\/12\/Shotblasting_with_robot_Siapro_1.jpg 1280w, https:\/\/www.siapro.eu\/wp-content\/uploads\/2025\/12\/Shotblasting_with_robot_Siapro_1-300x225.jpg 300w, https:\/\/www.siapro.eu\/wp-content\/uploads\/2025\/12\/Shotblasting_with_robot_Siapro_1-1024x768.jpg 1024w, https:\/\/www.siapro.eu\/wp-content\/uploads\/2025\/12\/Shotblasting_with_robot_Siapro_1-768x576.jpg 768w, https:\/\/www.siapro.eu\/wp-content\/uploads\/2025\/12\/Shotblasting_with_robot_Siapro_1-16x12.jpg 16w\" sizes=\"auto, (max-width: 1280px) 100vw, 1280px\" loading=\"lazy\">\n          \n                  <\/figure>\n      <\/a>\n\n      \n  <\/div>\n\n\n\n<\/div>\n<\/div><\/div><\/div>\n<\/section><section class=\"bde-section-591-483 bde-section\">\n  \n  \n\t\n\n\n\n        <div class=\"section-shape-divider-wrapper section-shape-divider-wrapper--1\">\n          <span class=\"section-shape-divider\">\n                      <svg\n                xmlns=\"http:\/\/www.w3.org\/2000\/svg\"\n                viewbox=\"0 0 1440 320\"\n                preserveaspectratio=\"none\"\n            >\n              <path fill=\"currentColor\" fill-opacity=\"1\" d=\"M0,32L40,64C80,96,160,160,240,181.3C320,203,400,181,480,197.3C560,213,640,267,720,261.3C800,256,880,192,960,154.7C1040,117,1120,107,1200,85.3C1280,64,1360,32,1400,16L1440,0L1440,320L1400,320C1360,320,1280,320,1200,320C1120,320,1040,320,960,320C880,320,800,320,720,320C640,320,560,320,480,320C400,320,320,320,240,320C160,320,80,320,40,320L0,320Z\"><\/path>\n            <\/svg>\n                    <\/span>\n      <\/div>\n        <div class=\"section-shape-divider-wrapper section-shape-divider-wrapper--2\">\n          <span class=\"section-shape-divider\">\n                      <svg\n                xmlns=\"http:\/\/www.w3.org\/2000\/svg\"\n                viewbox=\"0 0 1440 320\"\n                preserveaspectratio=\"none\"\n            >\n              <path fill=\"currentColor\" fill-opacity=\"1\" d=\"M0,32L40,64C80,96,160,160,240,181.3C320,203,400,181,480,197.3C560,213,640,267,720,261.3C800,256,880,192,960,154.7C1040,117,1120,107,1200,85.3C1280,64,1360,32,1400,16L1440,0L1440,320L1400,320C1360,320,1280,320,1200,320C1120,320,1040,320,960,320C880,320,800,320,720,320C640,320,560,320,480,320C400,320,320,320,240,320C160,320,80,320,40,320L0,320Z\"><\/path>\n            <\/svg>\n                    <\/span>\n      <\/div>\n  <div class=\"section-container\"><div class=\"bde-div-591-484 bde-div\" data-entrance=\"slideUp\">\n  \n  \n\t\n\n\n\n<div class=\"bde-div-591-485 bde-div\">\n  \n  \n\t\n\n\n\n<h2 class=\"bde-heading-591-486 bde-heading\">\nInterested in a similar project?\n<\/h2><div class=\"bde-text-591-487 bde-text\">\nContact us for professional advice or a quote for your hydroelectric power plant.\n<\/div><div class=\"bde-button-591-488 bde-button\">\n    \n                        \n                        \n    \n    \n    \n    \n            \n                    \n            \n            \n\n    \n    \n    \n    \n    \n    <a class=\"breakdance-link button-atom button-atom--custom bde-button__button\" href=\"https:\/\/www.siapro.eu\/en\/contact\/\" target=\"_self\" data-type=\"url\"  >\n\n    \n        <span class=\"button-atom__text\">CONTACT US<\/span>\n\n        \n        \n                <\/a>\n\n    \n\n\n<\/div>\n<\/div>\n<\/div><\/div>\n<\/section>","protected":false},"excerpt":{"rendered":"<p>Sodoben peskalni stroj za peskanje z robotom Re\u0161itev za industrijo prihodnosti O PROJEKTU Predstavljamo Siapro referenco iz skandinavske dr\u017eave \u2013 napredni stroj za peskanje z integrirano robotsko tehnologijo, popolnoma zasnovan in izdelan v na\u0161i lastni proizvodnji. Gre za re\u0161itev, razvito za industrijo prihodnosti, ki postavlja nove standarde natan\u010dnosti, avtomatizacije in u\u010dinkovitosti. Z na\u0161im inovativnim pristopom [&hellip;]<\/p>\n","protected":false},"author":1,"featured_media":0,"parent":270,"menu_order":0,"comment_status":"closed","ping_status":"closed","template":"","meta":{"_breakdance_hide_in_design_set":false,"_breakdance_tags":"","footnotes":""},"class_list":["post-591","page","type-page","status-publish","hentry"],"_links":{"self":[{"href":"https:\/\/www.siapro.eu\/en\/wp-json\/wp\/v2\/pages\/591","targetHints":{"allow":["GET"]}}],"collection":[{"href":"https:\/\/www.siapro.eu\/en\/wp-json\/wp\/v2\/pages"}],"about":[{"href":"https:\/\/www.siapro.eu\/en\/wp-json\/wp\/v2\/types\/page"}],"author":[{"embeddable":true,"href":"https:\/\/www.siapro.eu\/en\/wp-json\/wp\/v2\/users\/1"}],"replies":[{"embeddable":true,"href":"https:\/\/www.siapro.eu\/en\/wp-json\/wp\/v2\/comments?post=591"}],"version-history":[{"count":14,"href":"https:\/\/www.siapro.eu\/en\/wp-json\/wp\/v2\/pages\/591\/revisions"}],"predecessor-version":[{"id":1095,"href":"https:\/\/www.siapro.eu\/en\/wp-json\/wp\/v2\/pages\/591\/revisions\/1095"}],"up":[{"embeddable":true,"href":"https:\/\/www.siapro.eu\/en\/wp-json\/wp\/v2\/pages\/270"}],"wp:attachment":[{"href":"https:\/\/www.siapro.eu\/en\/wp-json\/wp\/v2\/media?parent=591"}],"curies":[{"name":"wp","href":"https:\/\/api.w.org\/{rel}","templated":true}]}}